{"id":11933,"date":"2024-06-24T11:14:24","date_gmt":"2024-06-24T09:14:24","guid":{"rendered":"https:\/\/apriko.com\/de\/?page_id=11933"},"modified":"2024-09-23T13:58:41","modified_gmt":"2024-09-23T11:58:41","slug":"impressum","status":"publish","type":"page","link":"https:\/\/apriko.com\/de\/impressum\/","title":{"rendered":"Impressum"},"content":{"rendered":"\n<section id=\"detail-top-block-667938f0ee8fb\" class=\"section section-detail\">\n\n\t<div class=\"container\">\n        <ul class=\"breadcrumbs\"><li><a href=\"https:\/\/apriko.com\/de\/\">Apriko<\/a><\/li><\/ul>\n\t\t<div class=\"detail-top\">\n\t\t\t<div class=\"head\">\n\t\t\t\t<div class=\"head__left\">\n                    \t\t\t\t\t<h1 class=\"title-2\">Impressum<\/h1>\n                    \n\t\t\t\t\t\t\t\t\t<\/div>\n\n\t\t\t\t\t\t\t<\/div>\n\n\t\t\t\n\t\t<\/div>\n\n        <div class=\"detail-info\">\n            <div class=\"detail-info__description\">\n                <div class=\"detail-destcription\">\n                    \n                                        <div class=\"text-block-lg\">\n                        <p><strong>Apriko AG<\/strong><\/p>\n<p>Luggwegstrasse 9<\/p>\n<p>8048 Z\u00fcrich, Schweiz<\/p>\n<p><a href=\"tel:+41445421111\">+41 44 542 11 11<\/a><\/p>\n<p><a href=\"mailto:hello@apriko.com\">hello@apriko.com<\/a><\/p>\n<p><a href=\"https:\/\/www.uid.admin.ch\/Detail.aspx?uid_id=CHE403626988\" target=\"_blank\">CHE-403.626.988<\/a><\/p>\n<p>&nbsp;<\/p>\n<p><strong>Ansprechperson<\/strong><\/p>\n<p>Thaya Selvarajah<\/p>\n<p>CEO &#038; Founding Partner<\/p>\n<p>&nbsp;<\/p>\n<p><strong>Haftungsausschluss<\/strong><\/p>\n<p>Trotz sorgf\u00e4ltiger \u00dcberpr\u00fcfung der Inhalte \u00fcbernehmen wir keine Haftung f\u00fcr die Korrektheit, Aktualit\u00e4t oder Vollst\u00e4ndigkeit der ver\u00f6ffentlichten Informationen.<\/p>\n<p>Die Apriko AG beh\u00e4lt sich das Recht vor, Inhalte jederzeit und ohne vorherige Ank\u00fcndigung zu \u00e4ndern, zu entfernen oder vor\u00fcbergehend nicht zu ver\u00f6ffentlichen.<\/p>\n<p>&nbsp;<\/p>\n<p><strong>Gesch\u00fctzte Marke<\/strong><\/p>\n<p>Die Marke \u00abApriko\u00bb sowie das damit verbundene Logo und s\u00e4mtliche Markenzeichen sind rechtlich gesch\u00fctzt und Eigentum der Apriko AG. Jegliche Nutzung dieser Markenzeichen bedarf der vorherigen schriftlichen Zustimmung der Apriko AG.<\/p>\n<p>&nbsp;<\/p>\n                    <\/div>\n                                    <\/div>\n            <\/div>\n\n            \n        <\/div>\n\t<\/div>\n<\/section>","protected":false},"excerpt":{"rendered":"","protected":false},"author":1,"featured_media":0,"parent":0,"menu_order":0,"comment_status":"closed","ping_status":"closed","template":"","meta":{"_acf_changed":false,"footnotes":""},"acf":[],"yoast_head":"<!-- This site is optimized with the Yoast SEO Premium plugin v23.3 (Yoast SEO v23.3) - https:\/\/yoast.com\/wordpress\/plugins\/seo\/ -->\n<title>Impressum - Apriko<\/title>\n<meta name=\"robots\" content=\"noindex, nofollow\" \/>\n<meta property=\"og:locale\" content=\"de_DE\" \/>\n<meta property=\"og:type\" content=\"article\" \/>\n<meta property=\"og:title\" content=\"Impressum\" \/>\n<meta property=\"og:url\" content=\"https:\/\/apriko.com\/de\/impressum\/\" \/>\n<meta property=\"og:site_name\" content=\"Apriko\" \/>\n<meta property=\"article:modified_time\" content=\"2024-09-23T11:58:41+00:00\" \/>\n<meta name=\"twitter:card\" content=\"summary_large_image\" \/>\n<meta name=\"twitter:label1\" content=\"Gesch\u00e4tzte Lesezeit\" \/>\n\t<meta name=\"twitter:data1\" content=\"1\u00a0Minute\" \/>\n<script type=\"application\/ld+json\" class=\"yoast-schema-graph\">{\"@context\":\"https:\/\/schema.org\",\"@graph\":[{\"@type\":\"WebPage\",\"@id\":\"https:\/\/apriko.com\/de\/impressum\/\",\"url\":\"https:\/\/apriko.com\/de\/impressum\/\",\"name\":\"Impressum - Apriko\",\"isPartOf\":{\"@id\":\"https:\/\/apriko.com\/de\/#website\"},\"datePublished\":\"2024-06-24T09:14:24+00:00\",\"dateModified\":\"2024-09-23T11:58:41+00:00\",\"breadcrumb\":{\"@id\":\"https:\/\/apriko.com\/de\/impressum\/#breadcrumb\"},\"inLanguage\":\"de\",\"potentialAction\":[{\"@type\":\"ReadAction\",\"target\":[\"https:\/\/apriko.com\/de\/impressum\/\"]}]},{\"@type\":\"BreadcrumbList\",\"@id\":\"https:\/\/apriko.com\/de\/impressum\/#breadcrumb\",\"itemListElement\":[{\"@type\":\"ListItem\",\"position\":1,\"name\":\"Apriko\",\"item\":\"https:\/\/apriko.com\/de\/\"},{\"@type\":\"ListItem\",\"position\":2,\"name\":\"Impressum\"}]},{\"@type\":\"WebSite\",\"@id\":\"https:\/\/apriko.com\/de\/#website\",\"url\":\"https:\/\/apriko.com\/de\/\",\"name\":\"Apriko\",\"description\":\"\",\"potentialAction\":[{\"@type\":\"SearchAction\",\"target\":{\"@type\":\"EntryPoint\",\"urlTemplate\":\"https:\/\/apriko.com\/de\/?s={search_term_string}\"},\"query-input\":\"required name=search_term_string\"}],\"inLanguage\":\"de\"}]}<\/script>\n<!-- \/ Yoast SEO Premium plugin. -->","yoast_head_json":{"title":"Impressum - Apriko","robots":{"index":"noindex","follow":"nofollow"},"og_locale":"de_DE","og_type":"article","og_title":"Impressum","og_url":"https:\/\/apriko.com\/de\/impressum\/","og_site_name":"Apriko","article_modified_time":"2024-09-23T11:58:41+00:00","twitter_card":"summary_large_image","twitter_misc":{"Gesch\u00e4tzte Lesezeit":"1\u00a0Minute"},"schema":{"@context":"https:\/\/schema.org","@graph":[{"@type":"WebPage","@id":"https:\/\/apriko.com\/de\/impressum\/","url":"https:\/\/apriko.com\/de\/impressum\/","name":"Impressum - Apriko","isPartOf":{"@id":"https:\/\/apriko.com\/de\/#website"},"datePublished":"2024-06-24T09:14:24+00:00","dateModified":"2024-09-23T11:58:41+00:00","breadcrumb":{"@id":"https:\/\/apriko.com\/de\/impressum\/#breadcrumb"},"inLanguage":"de","potentialAction":[{"@type":"ReadAction","target":["https:\/\/apriko.com\/de\/impressum\/"]}]},{"@type":"BreadcrumbList","@id":"https:\/\/apriko.com\/de\/impressum\/#breadcrumb","itemListElement":[{"@type":"ListItem","position":1,"name":"Apriko","item":"https:\/\/apriko.com\/de\/"},{"@type":"ListItem","position":2,"name":"Impressum"}]},{"@type":"WebSite","@id":"https:\/\/apriko.com\/de\/#website","url":"https:\/\/apriko.com\/de\/","name":"Apriko","description":"","potentialAction":[{"@type":"SearchAction","target":{"@type":"EntryPoint","urlTemplate":"https:\/\/apriko.com\/de\/?s={search_term_string}"},"query-input":"required name=search_term_string"}],"inLanguage":"de"}]}},"_links":{"self":[{"href":"https:\/\/apriko.com\/de\/wp-json\/wp\/v2\/pages\/11933"}],"collection":[{"href":"https:\/\/apriko.com\/de\/wp-json\/wp\/v2\/pages"}],"about":[{"href":"https:\/\/apriko.com\/de\/wp-json\/wp\/v2\/types\/page"}],"author":[{"embeddable":true,"href":"https:\/\/apriko.com\/de\/wp-json\/wp\/v2\/users\/1"}],"replies":[{"embeddable":true,"href":"https:\/\/apriko.com\/de\/wp-json\/wp\/v2\/comments?post=11933"}],"version-history":[{"count":1,"href":"https:\/\/apriko.com\/de\/wp-json\/wp\/v2\/pages\/11933\/revisions"}],"predecessor-version":[{"id":11934,"href":"https:\/\/apriko.com\/de\/wp-json\/wp\/v2\/pages\/11933\/revisions\/11934"}],"wp:attachment":[{"href":"https:\/\/apriko.com\/de\/wp-json\/wp\/v2\/media?parent=11933"}],"curies":[{"name":"wp","href":"https:\/\/api.w.org\/{rel}","templated":true}]}}