{"id":5618,"date":"2024-03-27T09:33:02","date_gmt":"2024-03-27T09:33:02","guid":{"rendered":"https:\/\/apriko.stage-2.one-line.ch\/de\/?page_id=5618"},"modified":"2024-12-13T17:17:18","modified_gmt":"2024-12-13T15:17:18","slug":"gruenderpaket","status":"publish","type":"page","link":"https:\/\/apriko.com\/de\/gruenderpaket\/","title":{"rendered":"Gr\u00fcnder-Support: Beratung plus Software"},"content":{"rendered":"\r\n<section id=\"headers-for-main-pages-6604204866619\" class=\"hero action-wrapper\">\r\n\r\n\t<div class=\"container\">\r\n\t\t<div class=\"hero-v3\">\r\n\t\t\t<div class=\"hero-v3__cont\">\r\n                \r\n<ul class=\"breadcrumbs\"><li><a href=\"https:\/\/apriko.com\/de\/\">Apriko<\/a><\/li><\/ul>\r\n<h1 class=\"title-2\">Erfolgreich gr\u00fcnden: Zielgerichtete Beratung und smarte Software<\/h1>\r\n\r\n<div class=\"hero-text\">\r\n    <p>Unser Team steht bereit, dich mit gezieltem Know-how zu unterst\u00fctzen, damit dein Business von Beginn an auf Erfolgskurs ist. Wir stellen dir Vorlagen zur Verf\u00fcgung, die dir den Weg zur notwendigen Bewilligung ebnen. Zus\u00e4tzlich erleichtert dir unsere spezialisierte Software f\u00fcr Personaldienstleister, das Management deines Gesch\u00e4fts und f\u00f6rdert das Wachstum deines Unternehmens.<\/p>\n<\/div>\r\n\r\n    <a href=\"https:\/\/apriko.com\/de\/kontakt?subject=5\" target=\"\" class=\"btn btn-outline\">Kontakt aufnehmen<\/a>\r\n\t\t\t<\/div>\r\n\r\n\t\t\t<div class=\"hero-v3__media\">\r\n\t\t\t\t\r\n\t\t\t\t\n<div  class=\"hero-v3__img\">\n\n<video autoplay muted playsinline loop src=\"https:\/\/apriko.com\/de\/wp-content\/uploads\/sites\/4\/2024\/04\/backoffice-neugruenderpaket-apriko-1.mp4\">\n    <source src=\"https:\/\/apriko.com\/de\/wp-content\/uploads\/sites\/4\/2024\/04\/backoffice-neugruenderpaket-apriko-1.mp4\" type=\"video\/mp4\">\n<\/video>\n\n\n\n<\/div>\n\r\n\t\t\t\t<div class=\"hero-v3__decore\">\r\n\t\t\t\t\t<img decoding=\"async\" src=\"https:\/\/apriko.com\/de\/wp-content\/themes\/general\/frontend\/assets\/img\/hero-decore-v3.svg\" alt=\"\">\r\n\t\t\t\t<\/div>\r\n\r\n\t\t\t\t\r\n<div class=\"action\">\r\n        <h3 class=\"action__title\">Dein Verleihgesch\u00e4ft w\u00e4chst?<\/h3>\r\n    \r\n        <div class=\"action__text\"><p>Gerne unterst\u00fctzen wir mit Treuhand-Services vom Branchenprofi.<\/p>\n<\/div>\r\n    \r\n        <a href=\"https:\/\/apriko.com\/de\/backoffice\/\" target=\"\" class=\"link-text\">Backoffice entdecken<\/a>\r\n    <\/div>\t\t\t<\/div>\r\n\t\t<\/div>\r\n\t<\/div>\r\n<\/section>\n\n\n<section id=\"accordion-6604204866cef\" class=\"section\">\n\n\t<div class=\"container\">\n                \n\t\t<div class=\"accordion-wrapper\">\n\t\t\t<div class=\"accordion-sidebar\">\n                                <div class=\"eyebrow\">F\u00fcr Neugr\u00fcnder<\/div>\n                \n                                <h2 class=\"title-3\">Startup-Booster: Professionelle Beratung und effiziente Software<\/h2>\n                \n                \n\n<div class=\"article-card\">\n    \n    \n    <div class=\"article-card__title-cont\">\n        \n            <\/div>\n\n        <div class=\"article-card__text\">\n        <p>Schritt-f\u00fcr-Schritt zum eigenen Tempor\u00e4rb\u00fcro oder zur privaten Arbeitsvermittlung. Mit unserem Angebot begleiten dich tatkr\u00e4ftig mit Branchenwissen und moderner Software.<\/p>\n    <\/div>\n    \n     \n    \n        \r\n<div class=\"action-block \">\r\n    <div class=\"action-block__inner\">\r\n                <div class=\"action-block__text\"><p>Worauf wartest du noch? Profitiere von unserer Expertise im Schweizer Steuer- und Versicherungsrecht.<\/p>\n<\/div>\r\n        \r\n                <a href=\"https:\/\/calendly.com\/apriko-website\/30min?hide_gdpr_banner=1&#038;primary_color=7be98f\" target=\"\" class=\"btn btn-primary\">Termin buchen<\/a>\r\n            <\/div>\r\n<\/div>\r\n    \n<\/div>\n\t\t\t<\/div>\n\n                            <div class=\"accordion\">\n                                    <div class=\"accordion__item active\">\n                        <div class=\"accordion__progress\"><\/div>\n\n                                                    <div class=\"accordion__header\">Schritt 1: Firmengr\u00fcndung  <\/div>\n                        \n                                                <div class=\"accordion__body\">\n                            <div class=\"accordion__inner\">\n                                <div class=\"swiper js-accordion-slider\">\n                                    <div class=\"swiper-wrapper\">\n                                     \n\n                                    <div class=\"swiper-slide accordion-slide\">\r\n\r\n    \n<div  class=\"accordion-slide__media\">\n\n<picture>\n    <img decoding=\"async\" src=\"https:\/\/apriko.com\/de\/wp-content\/uploads\/sites\/4\/2024\/06\/backoffice-firmengruendung-apriko.svg\" class=\"attachment-full size-full\" alt=\"\" \/><\/picture>\n\n\n    \n<\/div>\n\r\n    <div class=\"accordion-slide__info\">\r\n                <div class=\"accordion-slide__title\">Schnell und unkompliziert zur eigenen Verleihfirma<\/div>\r\n        \r\n                <div class=\"accordion-slide__text\">\r\n            <p>GmbH oder AG, Notare und Handelsregister-\u00c4mter, alles b\u00fcrokratische Hindernisse, die keine sein sollten. Wir haben ein breites Netzwerk an Kontakten, das f\u00fcr Neugr\u00fcnder interessant ist.<\/p>\n        <\/div>\r\n        \r\n\t\t    <\/div>\r\n<\/div>\n                                                                        <\/div>\n                                <\/div>\n                            <\/div>\n                        <\/div>\n                                            <\/div>\n\n                                    <div class=\"accordion__item \">\n                        <div class=\"accordion__progress\"><\/div>\n\n                                                    <div class=\"accordion__header\">Schritt 2: Bewilligungsverfahren <\/div>\n                        \n                                                <div class=\"accordion__body\">\n                            <div class=\"accordion__inner\">\n                                <div class=\"swiper js-accordion-slider\">\n                                    <div class=\"swiper-wrapper\">\n                                     \n\n                                    <div class=\"swiper-slide accordion-slide\">\r\n\r\n    \n<div  class=\"accordion-slide__media\">\n\n<picture>\n    <img decoding=\"async\" src=\"https:\/\/apriko.com\/de\/wp-content\/uploads\/sites\/4\/2024\/06\/backoffice-bewilligungsverfahren-apriko.svg\" class=\"attachment-full size-full\" alt=\"\" \/><\/picture>\n\n\n    \n<\/div>\n\r\n    <div class=\"accordion-slide__info\">\r\n                <div class=\"accordion-slide__title\">Mit der richtigen Vorgehensweise zur Bewilligung in deinem Kanton<\/div>\r\n        \r\n                <div class=\"accordion-slide__text\">\r\n            <p>Wir unterst\u00fctzen Neugr\u00fcnder mit einer einfachen Anleitung und allen n\u00f6tigen Vorlagen und zeigen, worauf du f\u00fcr deine Personalvermittlung- und Personalverleih-Bewilligung achten musst.<\/p>\n        <\/div>\r\n        \r\n\t\t    <\/div>\r\n<\/div>\n                                                                        <\/div>\n                                <\/div>\n                            <\/div>\n                        <\/div>\n                                            <\/div>\n\n                                    <div class=\"accordion__item \">\n                        <div class=\"accordion__progress\"><\/div>\n\n                                                    <div class=\"accordion__header\">Schritt 3: Verleihsoftware <\/div>\n                        \n                                                <div class=\"accordion__body\">\n                            <div class=\"accordion__inner\">\n                                <div class=\"swiper js-accordion-slider\">\n                                    <div class=\"swiper-wrapper\">\n                                     \n\n                                    <div class=\"swiper-slide accordion-slide\">\r\n\r\n    \n<div  class=\"accordion-slide__media\">\n\n<picture>\n    <img decoding=\"async\" src=\"https:\/\/apriko.com\/de\/wp-content\/uploads\/sites\/4\/2024\/06\/backoffice-verleihsoftware-apriko.svg\" class=\"attachment-full size-full\" alt=\"\" \/><\/picture>\n\n\n    \n<\/div>\n\r\n    <div class=\"accordion-slide__info\">\r\n                <div class=\"accordion-slide__title\">Spezialisierte Software f\u00fcr Personaldienstleister<\/div>\r\n        \r\n                <div class=\"accordion-slide__text\">\r\n            <p>Gar nicht erst mit Excel und schlechten HR Tools loslegen. Mit Apriko kannst du bereits ab einer Lizenz arbeiten. In Kombination mit unserem Backoffice-Service ein echter Beschleuniger!<\/p>\n        <\/div>\r\n        \r\n\t\t    <\/div>\r\n<\/div>\n                                                                        <\/div>\n                                <\/div>\n                            <\/div>\n                        <\/div>\n                                            <\/div>\n\n                                    <div class=\"accordion__item \">\n                        <div class=\"accordion__progress\"><\/div>\n\n                                                    <div class=\"accordion__header\">Schritt 4: Buchhaltung <\/div>\n                        \n                                                <div class=\"accordion__body\">\n                            <div class=\"accordion__inner\">\n                                <div class=\"swiper js-accordion-slider\">\n                                    <div class=\"swiper-wrapper\">\n                                     \n\n                                    <div class=\"swiper-slide accordion-slide\">\r\n\r\n    \n<div  class=\"accordion-slide__media\">\n\n<picture>\n    <img decoding=\"async\" src=\"https:\/\/apriko.com\/de\/wp-content\/uploads\/sites\/4\/2024\/06\/backoffice-buchhaltung-apriko.svg\" class=\"attachment-full size-full\" alt=\"\" \/><\/picture>\n\n\n    \n<\/div>\n\r\n    <div class=\"accordion-slide__info\">\r\n                <div class=\"accordion-slide__title\">Finanzen und Gesetze im Griff<\/div>\r\n        \r\n                <div class=\"accordion-slide__text\">\r\n            <p>Du entscheidest, welche Aufgaben im Backoffice du selbst ausf\u00fchrst. Wir unterst\u00fctzen mit Lohnbuchhaltung, Finanzbuchhaltung, Debitoren und Kreditoren bis zum Jahresabschluss und der Steuererkl\u00e4rung.<\/p>\n        <\/div>\r\n        \r\n\t\t    <\/div>\r\n<\/div>\n                                                                        <\/div>\n                                <\/div>\n                            <\/div>\n                        <\/div>\n                                            <\/div>\n\n                                    <div class=\"accordion__item \">\n                        <div class=\"accordion__progress\"><\/div>\n\n                                                    <div class=\"accordion__header\">Schritt 5: Wachstum <\/div>\n                        \n                                                <div class=\"accordion__body\">\n                            <div class=\"accordion__inner\">\n                                <div class=\"swiper js-accordion-slider\">\n                                    <div class=\"swiper-wrapper\">\n                                     \n\n                                    <div class=\"swiper-slide accordion-slide\">\r\n\r\n    \n<div  class=\"accordion-slide__media\">\n\n<picture>\n    <img decoding=\"async\" src=\"https:\/\/apriko.com\/de\/wp-content\/uploads\/sites\/4\/2024\/06\/backoffice-wachstum-apriko.svg\" class=\"attachment-full size-full\" alt=\"\" \/><\/picture>\n\n\n    \n<\/div>\n\r\n    <div class=\"accordion-slide__info\">\r\n                <div class=\"accordion-slide__title\">Das System l\u00e4uft, die Skalierung kann beginnen!<\/div>\r\n        \r\n                <div class=\"accordion-slide__text\">\r\n            <p>Wenn dein Gesch\u00e4ft durch die Decke geht, sind wir da, um mit dir zu wachsen. Du weisst, dass wir dir deinen R\u00fccken freihalten, und du Gas geben kannst! Vom Einpersonen-Betrieb bis zum Millionen-Unternehmen.<\/p>\n        <\/div>\r\n        \r\n\t\t    <\/div>\r\n<\/div>\n                                                                        <\/div>\n                                <\/div>\n                            <\/div>\n                        <\/div>\n                                            <\/div>\n\n                                <\/div>\n\t        \n\t\t<\/div>\n\t<\/div>\n<\/section>\n\n\n<section id=\"horizontal-content-6604204867093\" class=\"section section-content-links\">\n\n\t<div class=\"container\">\n        \n        \n        \t\t<h2 class=\"title-3 part-width-title\">Die Vorteile unseres Neugr\u00fcnder-Angebots auf einen Blick<\/h2>\n        \n\t\t<div class=\"article-wrap \">\n            \n\n<div class=\"article-card\">\n    \n    \n    <div class=\"article-card__title-cont\">\n        \n            <\/div>\n\n        <div class=\"article-card__text\">\n        <p>Spezialisierte Services in der fr\u00fchen Phase der Unternehmensgr\u00fcndung k\u00f6nnen entscheidend sein. Wir kennen das Bewilligungsverfahren, die Gesetzgebung und alle Tricks f\u00fcr eine schnelle Firmengr\u00fcndung.<\/p>\n    <\/div>\n    \n     \n    \n    \n<\/div>            \n<div class=\"article-wrap__links  --green\">\n        <div class=\"article-link-row\">\n                <div class=\"icon icon-25\">\n            <img decoding=\"async\" src=\"https:\/\/apriko.com\/de\/wp-content\/uploads\/sites\/4\/2024\/04\/check.svg\" class=\"attachment-25x25 size-25x25\" alt=\"\" \/>        <\/div>\n                Fokus auf Kerngesch\u00e4ft    <\/div>\n        <div class=\"article-link-row\">\n                <div class=\"icon icon-25\">\n            <img decoding=\"async\" src=\"https:\/\/apriko.com\/de\/wp-content\/uploads\/sites\/4\/2024\/04\/check.svg\" class=\"attachment-25x25 size-25x25\" alt=\"\" \/>        <\/div>\n                Zugriff auf Expertenwissen    <\/div>\n        <div class=\"article-link-row\">\n                <div class=\"icon icon-25\">\n            <img decoding=\"async\" src=\"https:\/\/apriko.com\/de\/wp-content\/uploads\/sites\/4\/2024\/04\/check.svg\" class=\"attachment-25x25 size-25x25\" alt=\"\" \/>        <\/div>\n                Zugang zum Netzwerk    <\/div>\n        <div class=\"article-link-row\">\n                <div class=\"icon icon-25\">\n            <img decoding=\"async\" src=\"https:\/\/apriko.com\/de\/wp-content\/uploads\/sites\/4\/2024\/04\/check.svg\" class=\"attachment-25x25 size-25x25\" alt=\"\" \/>        <\/div>\n                Skalierbarkeit bei Wachstum    <\/div>\n        <div class=\"article-link-row\">\n                <div class=\"icon icon-25\">\n            <img decoding=\"async\" src=\"https:\/\/apriko.com\/de\/wp-content\/uploads\/sites\/4\/2024\/04\/check.svg\" class=\"attachment-25x25 size-25x25\" alt=\"\" \/>        <\/div>\n                Gesetzliche Pflichten erf\u00fcllt    <\/div>\n    <\/div>            \n                        \r\n<div class=\"action-block \">\r\n    <div class=\"action-block__inner\">\r\n                <div class=\"action-block__text\"><p>Bezahle nur, was du brauchst, mit transparenten Kosten.<\/p>\n<\/div>\r\n        \r\n                <a href=\"https:\/\/apriko.com\/de\/preisgestaltung?calculator=backoffice\" target=\"\" class=\"btn btn-primary\">Preis berechnen<\/a>\r\n            <\/div>\r\n<\/div>\r\n            \t\t<\/div>\n\t<\/div>\n<\/section>\n\n\r\n<section id=\"vertical-content-66042048676dc\" class=\"section\">\r\n    \r\n\t<div class=\"container\">\r\n                \r\n        \t\t<div class=\"eyebrow\">Gr\u00fcnder-Service<\/div>\r\n        \r\n        \t\t<h2 class=\"title-3 part-width-title\">Nahtlose Integration von smarter Software und Treuhand-Leistungen<\/h2>\r\n        \r\n\t\t<div class=\"article-grid article-grid-1-2\">\r\n                    \r\n            \n\n<div class=\"article-card\">\n            \n<div  class=\"article-card__media\">\n\n<video autoplay muted playsinline loop src=\"https:\/\/apriko.com\/de\/wp-content\/uploads\/sites\/4\/2024\/04\/backoffice-apriko_16-9.mp4\">\n    <source src=\"https:\/\/apriko.com\/de\/wp-content\/uploads\/sites\/4\/2024\/04\/backoffice-apriko_16-9.mp4\" type=\"video\/mp4\">\n<\/video>\n\n\n\n<\/div>\n    \n    \n    <div class=\"article-card__title-cont\">\n                <h3 class=\"article-card__title\">Backoffice &amp; Buchhaltung f\u00fcr Personaldienstleister<\/h3>\n        \n            <\/div>\n\n        <div class=\"article-card__text\">\n        <p>Entdecke unsere spezialisierten Treuhanddienstleistungen f\u00fcr Personalvermittler und Personalverleiher. Als Mitglied von Treuhand Swiss sind wir mit den Schweizer Gesetzgebungen und Richtlinien vertraut und stellen sicher, dass du regelkonform arbeitest.<\/p>\n    <\/div>\n    \n            <div class=\"text-end\">\n            <a href=\"https:\/\/apriko.com\/de\/backoffice\/\" target=\"\" class=\"link-text\">Treuhanddienstleistungen kennenlernen<\/a>\n        <\/div>\n     \n    \n        \r\n    \n<\/div>            \r\n            \r\n            \n\n<div class=\"article-card\">\n            \n<div  class=\"article-card__media\">\n\n<video autoplay muted playsinline loop src=\"https:\/\/apriko.com\/de\/wp-content\/uploads\/sites\/4\/2024\/04\/software-apriko_16-9.mp4\">\n    <source src=\"https:\/\/apriko.com\/de\/wp-content\/uploads\/sites\/4\/2024\/04\/software-apriko_16-9.mp4\" type=\"video\/mp4\">\n<\/video>\n\n\n\n<\/div>\n    \n    \n    <div class=\"article-card__title-cont\">\n                <h3 class=\"article-card__title\">Software f\u00fcr Personalverleih &amp; Personalvermittlung<\/h3>\n        \n            <\/div>\n\n        <div class=\"article-card__text\">\n        <p>Entdecke die Schweizer Branchenl\u00f6sung Apriko, die wir speziell f\u00fcr Personaldienstleister entwickelt haben \u2013 in der Schweiz. Sie l\u00e4uft in der Cloud, ist sicher und bietet alles, was du f\u00fcr einen erfolgreichen Start und ein starkes Wachstum brauchst.<\/p>\n    <\/div>\n    \n            <div class=\"text-end\">\n            <a href=\"https:\/\/apriko.com\/de\/software\/\" target=\"\" class=\"link-text\">Software kennenlernen<\/a>\n        <\/div>\n     \n    \n        \r\n    \n<\/div>            \r\n            \t    \t\t<\/div>\r\n\t<\/div>\r\n<\/section>\n\n\n<section id=\"contact-66042048678f9\" class=\"section\">\n\n\t<div class=\"container\">\n                \n\t\t<div class=\"contact-block\">\n\t\t\t<div class=\"contact-block__cont contact-info\">\n                \t\t\t\t<h3 class=\"contact-info__title\">Lass dir unverbindlich unser Angebot f\u00fcr Neugr\u00fcnder erkl\u00e4ren.<\/h3>\n                                \t\t\t\t<div class=\"contact-info__name\">Andrej Dogas<\/div>\n                                \t\t\t\t<div class=\"contact-info__sub-title\">CFO, Head of Backoffice<\/div>\n                \n\t\t\t\t<div class=\"contact-info__links\">\n                    \t\t\t\t\t<a href=\"mailto:andrej&#064;aprik&#111;&#046;c&#111;m\">andrej&#64;aprik&#111;&#46;c&#111;m<\/a>\n                                        \n\t\t\t\t\t<a href=\"tel:+&#52;&#49;&#52;&#52;5&#52;2&#49;&#49;&#49;&#49;\">+&#52;&#49; &#52;&#52; 5&#52;2 &#49;&#49; &#49;&#49;<\/a>\n                    \t\t\t\t<\/div>\n\n                                    <a href=\"https:\/\/calendly.com\/d\/crjj-8mn-gcy\/apriko\" target=\"\" class=\"btn btn-primary\">Termin vereinbaren<\/a>\n                \t\t\t<\/div>\n\n\t\t\t<div class=\"contact-block__media\">\n                \n<div  class=\"contact-block__img\">\n\n<picture>\n    <img decoding=\"async\" width=\"1500\" height=\"1222\" src=\"https:\/\/apriko.com\/de\/wp-content\/uploads\/sites\/4\/2024\/04\/Andrej-Dogas-Contact.jpg\" class=\"attachment-full size-full\" alt=\"Andrej Dogas\" srcset=\"https:\/\/apriko.com\/de\/wp-content\/uploads\/sites\/4\/2024\/04\/Andrej-Dogas-Contact.jpg 1500w, https:\/\/apriko.com\/de\/wp-content\/uploads\/sites\/4\/2024\/04\/Andrej-Dogas-Contact-768x626.jpg 768w\" sizes=\"(max-width: 1500px) 100vw, 1500px\" \/><\/picture>\n\n\n\n<\/div>\n\n\t\t\t\t<div class=\"contact-block__decore\">\n\t\t\t\t\t<img decoding=\"async\" src=\"https:\/\/apriko.com\/de\/wp-content\/themes\/general\/frontend\/assets\/img\/contacts-decore.svg\" alt=\"\">\n\t\t\t\t<\/div>\n\t\t\t<\/div>\n\t\t<\/div>\n\t<\/div>\n<\/section>\n\n","protected":false},"excerpt":{"rendered":"","protected":false},"author":5,"featured_media":0,"parent":0,"menu_order":0,"comment_status":"closed","ping_status":"closed","template":"","meta":{"_acf_changed":false,"footnotes":""},"acf":[],"yoast_head":"<!-- This site is optimized with the Yoast SEO Premium plugin v23.3 (Yoast SEO v23.3) - https:\/\/yoast.com\/wordpress\/plugins\/seo\/ -->\n<title>Gr\u00fcnder-Support: Beratung plus Software - Apriko<\/title>\n<meta name=\"description\" content=\"Bist du startklar? Wir unterst\u00fctzen Neugr\u00fcnder in der Personalvermittlung und im Personalverleih und bieten Beratung, Treuhand und smarte Software \u2013 aus einer Hand.\" \/>\n<meta name=\"robots\" content=\"index, follow, max-snippet:-1, max-image-preview:large, max-video-preview:-1\" \/>\n<link rel=\"canonical\" href=\"https:\/\/apriko.com\/de\/gruenderpaket\/\" \/>\n<meta property=\"og:locale\" content=\"de_DE\" \/>\n<meta property=\"og:type\" content=\"article\" \/>\n<meta property=\"og:title\" content=\"Gr\u00fcnder-Support: Beratung plus Software\" \/>\n<meta property=\"og:description\" content=\"Bist du startklar? Wir unterst\u00fctzen Neugr\u00fcnder in der Personalvermittlung und im Personalverleih und bieten Beratung, Treuhand und smarte Software \u2013 aus einer Hand.\" \/>\n<meta property=\"og:url\" content=\"https:\/\/apriko.com\/de\/gruenderpaket\/\" \/>\n<meta property=\"og:site_name\" content=\"Apriko\" \/>\n<meta property=\"article:modified_time\" content=\"2024-12-13T15:17:18+00:00\" \/>\n<meta name=\"twitter:card\" content=\"summary_large_image\" \/>\n<meta name=\"twitter:label1\" content=\"Gesch\u00e4tzte Lesezeit\" \/>\n\t<meta name=\"twitter:data1\" content=\"5\u00a0Minuten\" \/>\n<script type=\"application\/ld+json\" class=\"yoast-schema-graph\">{\"@context\":\"https:\/\/schema.org\",\"@graph\":[{\"@type\":\"WebPage\",\"@id\":\"https:\/\/apriko.com\/de\/gruenderpaket\/\",\"url\":\"https:\/\/apriko.com\/de\/gruenderpaket\/\",\"name\":\"Gr\u00fcnder-Support: Beratung plus Software - Apriko\",\"isPartOf\":{\"@id\":\"https:\/\/apriko.com\/de\/#website\"},\"datePublished\":\"2024-03-27T09:33:02+00:00\",\"dateModified\":\"2024-12-13T15:17:18+00:00\",\"description\":\"Bist du startklar? Wir unterst\u00fctzen Neugr\u00fcnder in der Personalvermittlung und im Personalverleih und bieten Beratung, Treuhand und smarte Software \u2013 aus einer Hand.\",\"breadcrumb\":{\"@id\":\"https:\/\/apriko.com\/de\/gruenderpaket\/#breadcrumb\"},\"inLanguage\":\"de\",\"potentialAction\":[{\"@type\":\"ReadAction\",\"target\":[\"https:\/\/apriko.com\/de\/gruenderpaket\/\"]}]},{\"@type\":\"BreadcrumbList\",\"@id\":\"https:\/\/apriko.com\/de\/gruenderpaket\/#breadcrumb\",\"itemListElement\":[{\"@type\":\"ListItem\",\"position\":1,\"name\":\"Apriko\",\"item\":\"https:\/\/apriko.com\/de\/\"},{\"@type\":\"ListItem\",\"position\":2,\"name\":\"Gr\u00fcnderpaket\"}]},{\"@type\":\"WebSite\",\"@id\":\"https:\/\/apriko.com\/de\/#website\",\"url\":\"https:\/\/apriko.com\/de\/\",\"name\":\"Apriko\",\"description\":\"\",\"potentialAction\":[{\"@type\":\"SearchAction\",\"target\":{\"@type\":\"EntryPoint\",\"urlTemplate\":\"https:\/\/apriko.com\/de\/?s={search_term_string}\"},\"query-input\":\"required name=search_term_string\"}],\"inLanguage\":\"de\"}]}<\/script>\n<!-- \/ Yoast SEO Premium plugin. -->","yoast_head_json":{"title":"Gr\u00fcnder-Support: Beratung plus Software - Apriko","description":"Bist du startklar? Wir unterst\u00fctzen Neugr\u00fcnder in der Personalvermittlung und im Personalverleih und bieten Beratung, Treuhand und smarte Software \u2013 aus einer Hand.","robots":{"index":"index","follow":"follow","max-snippet":"max-snippet:-1","max-image-preview":"max-image-preview:large","max-video-preview":"max-video-preview:-1"},"canonical":"https:\/\/apriko.com\/de\/gruenderpaket\/","og_locale":"de_DE","og_type":"article","og_title":"Gr\u00fcnder-Support: Beratung plus Software","og_description":"Bist du startklar? Wir unterst\u00fctzen Neugr\u00fcnder in der Personalvermittlung und im Personalverleih und bieten Beratung, Treuhand und smarte Software \u2013 aus einer Hand.","og_url":"https:\/\/apriko.com\/de\/gruenderpaket\/","og_site_name":"Apriko","article_modified_time":"2024-12-13T15:17:18+00:00","twitter_card":"summary_large_image","twitter_misc":{"Gesch\u00e4tzte Lesezeit":"5\u00a0Minuten"},"schema":{"@context":"https:\/\/schema.org","@graph":[{"@type":"WebPage","@id":"https:\/\/apriko.com\/de\/gruenderpaket\/","url":"https:\/\/apriko.com\/de\/gruenderpaket\/","name":"Gr\u00fcnder-Support: Beratung plus Software - Apriko","isPartOf":{"@id":"https:\/\/apriko.com\/de\/#website"},"datePublished":"2024-03-27T09:33:02+00:00","dateModified":"2024-12-13T15:17:18+00:00","description":"Bist du startklar? Wir unterst\u00fctzen Neugr\u00fcnder in der Personalvermittlung und im Personalverleih und bieten Beratung, Treuhand und smarte Software \u2013 aus einer Hand.","breadcrumb":{"@id":"https:\/\/apriko.com\/de\/gruenderpaket\/#breadcrumb"},"inLanguage":"de","potentialAction":[{"@type":"ReadAction","target":["https:\/\/apriko.com\/de\/gruenderpaket\/"]}]},{"@type":"BreadcrumbList","@id":"https:\/\/apriko.com\/de\/gruenderpaket\/#breadcrumb","itemListElement":[{"@type":"ListItem","position":1,"name":"Apriko","item":"https:\/\/apriko.com\/de\/"},{"@type":"ListItem","position":2,"name":"Gr\u00fcnderpaket"}]},{"@type":"WebSite","@id":"https:\/\/apriko.com\/de\/#website","url":"https:\/\/apriko.com\/de\/","name":"Apriko","description":"","potentialAction":[{"@type":"SearchAction","target":{"@type":"EntryPoint","urlTemplate":"https:\/\/apriko.com\/de\/?s={search_term_string}"},"query-input":"required name=search_term_string"}],"inLanguage":"de"}]}},"_links":{"self":[{"href":"https:\/\/apriko.com\/de\/wp-json\/wp\/v2\/pages\/5618"}],"collection":[{"href":"https:\/\/apriko.com\/de\/wp-json\/wp\/v2\/pages"}],"about":[{"href":"https:\/\/apriko.com\/de\/wp-json\/wp\/v2\/types\/page"}],"author":[{"embeddable":true,"href":"https:\/\/apriko.com\/de\/wp-json\/wp\/v2\/users\/5"}],"replies":[{"embeddable":true,"href":"https:\/\/apriko.com\/de\/wp-json\/wp\/v2\/comments?post=5618"}],"version-history":[{"count":110,"href":"https:\/\/apriko.com\/de\/wp-json\/wp\/v2\/pages\/5618\/revisions"}],"predecessor-version":[{"id":13451,"href":"https:\/\/apriko.com\/de\/wp-json\/wp\/v2\/pages\/5618\/revisions\/13451"}],"wp:attachment":[{"href":"https:\/\/apriko.com\/de\/wp-json\/wp\/v2\/media?parent=5618"}],"curies":[{"name":"wp","href":"https:\/\/api.w.org\/{rel}","templated":true}]}}