{"id":7466,"date":"2024-04-09T07:26:23","date_gmt":"2024-04-09T07:26:23","guid":{"rendered":"https:\/\/apriko.com\/de\/?page_id=7466"},"modified":"2025-02-26T19:10:07","modified_gmt":"2025-02-26T17:10:07","slug":"kontakt","status":"publish","type":"page","link":"https:\/\/apriko.com\/de\/kontakt\/","title":{"rendered":"Kontakt"},"content":{"rendered":"\r\n<section id=\"header-for-content-pages-6614f40b57749\" class=\"section\">\r\n\r\n\t<div class=\"container\">\r\n\t\t<div class=\"hero-v5\">\r\n            \r\n<ul class=\"breadcrumbs\"><li><a href=\"https:\/\/apriko.com\/de\/\">Apriko<\/a><\/li><\/ul>\r\n<h1 class=\"title-2\">Erlebe den Unterschied: Software jetzt kostenlos ausprobieren <\/h1>\r\n\r\n<div class=\"hero-text\">\r\n    <p>Vorsicht: Apriko macht s\u00fcchtig. Wer einmal mit der modernsten Branchenl\u00f6sung gearbeitet hat, will nie mehr zum alten System zur\u00fcck. \u00dcberzeuge dich selbst: Melde dich bei uns und wir stellen dir die Software kostenlos vor<\/p>\n<\/div>\r\n\r\n\t\t<\/div>\r\n\t<\/div>\r\n<\/section>\n\n\r\n<section id=\"form-6614f40b57fd7\" class=\"section\">\r\n\r\n\t<div class=\"container\">\r\n\t\t\t\t\r\n\t\t<div class=\"form-wrapper\">\r\n\t\t\t<div class=\"form-wrapper__left\">\r\n\t\t\t\t\t\t\t\t\r\n\t\t\t\t\t\t\t\t<div class=\"eyebrow\">Anfrage <\/div>\r\n\t\t\t\t\r\n\t\t\t\t\t\t\t\t<h2 class=\"title-3\">Was k\u00f6nnen wir f\u00fcr dich tun? <\/h2>\r\n\t\t\t\t\t\t\t\t\r\n\t\t\t\t\t\t\t\t<div class=\"form-wrapper__text\"><p>Hallo, danke f\u00fcr dein Interesse! W\u00e4hle dein Anliegen und schreibe uns, wie wir dich unterst\u00fctzen k\u00f6nnen. Wir melden uns so bald wie m\u00f6glich bei dir.<\/p>\n<\/div>\r\n\t\t\t\t\t\t\t<\/div>\r\n\t\t\t<div class=\"form-wrapper__right\">\r\n\t\t\t\t<form class=\"form js-form custom-form\" novalidate>\n        <div class=\"form__row\">\n        <div class=\"form__row-col\">\n            <div class=\"form-control\">\n                                <label class=\"form-control-label\">Dein Anliegen<\/label>\n\t\t\t\t                <select name=\"subject\" class=\"js-select select required\">\n                                        <option value=\"0\">Beratung zu Apriko<\/option>\n                                        <option value=\"1\">Offertanfrage<\/option>\n                                        <option value=\"2\">Kontakt aufnehmen<\/option>\n                                        <option value=\"3\">Gr\u00fcnder-Service<\/option>\n                                        <option value=\"4\">Community beitreten<\/option>\n                                        <option value=\"5\">Anderes<\/option>\n                                    <\/select>\n                <span class=\"valid-message\" style=\"display: none;\">Pflichtfeld<\/span>\n            <\/div>\n        <\/div>\n    <\/div>\n    \n        <div class=\"form__row\">\n        <div class=\"form__row-col\">\n            <div class=\"form-control\">\n                                <label class=\"form-control-label\">Anrede<\/label>\n\t\t\t\t                <select name=\"salutation\" class=\"js-select select \">\n                                        <option value=\"0\">Keine<\/option>\n                                        <option value=\"1\">Frau<\/option>\n                                        <option value=\"2\">Herr<\/option>\n                                    <\/select>\n                <span class=\"valid-message\" style=\"display: none;\">Pflichtfeld<\/span>\n            <\/div>\n        <\/div>\n    <\/div>\n    \n    <div class=\"form__row form__row--mobile\">\n        <div class=\"form__row-col\">\n            <div class=\"form-control\">\n                                <label class=\"form-control-label\">Name<\/label>\n\t\t\t\t                <input type=\"text\" name=\"first_name\" class=\"form-control-input required\" placeholder=\"Vorname\">\n                <span class=\"valid-message\" style=\"display: none;\">Pflichtfeld<\/span>\n            <\/div>\n        <\/div>\n\n        <div class=\"form__row-col\">\n            <div class=\"form-control\">\n                                <input type=\"text\" name=\"surname\" class=\"form-control-input required\" placeholder=\"Nachname\">\n                <span class=\"valid-message\" style=\"display: none;\">Pflichtfeld<\/span>\n            <\/div>\n        <\/div>\n    <\/div>\n\n        <div class=\"form__row\">\n        <div class=\"form__row-col\">\n            <div class=\"form-control\">\n                                <label class=\"form-control-label\">Unternehmen <\/label>\n\t\t\t\t                <input type=\"text\" name=\"company\" class=\"form-control-input required\" placeholder=\"Deine Firma\">\n                <span class=\"valid-message\" style=\"display: none;\">Pflichtfeld<\/span> \n            <\/div> \n        <\/div>\n    <\/div>\n    \n    <div class=\"form__row\">\n        <div class=\"form__row-col\">\n            <div class=\"form-control\">\n                                <label class=\"form-control-label\">E-Mail<\/label>\n\t\t\t\t                <input type=\"email\" name=\"email\" class=\"form-control-input required\" placeholder=\"deine@e-mail-adresse.ch\">\n                <span class=\"valid-message\" style=\"display: none;\">Pflichtfeld<\/span>\n                <span class=\"valid-message invalid-email\" style=\"display: none;\">Bitte korrekte E-Mail angeben<\/span>\n            <\/div>\n        <\/div>\n        <div class=\"form__row-col\">\n            <div class=\"form-control\">\n                                <label class=\"form-control-label\">Telefonnummer (optional)<\/label>\n\t\t\t\t                <input type=\"tel\" name=\"phone\" class=\"form-control-input input-phone \" placeholder=\"XX XXX XX XX\">\n                <span class=\"valid-message\" style=\"display: none;\">Pflichtfeld<\/span>\n                <span class=\"valid-message invalid-tel\" style=\"display: none;\">Bitte korrekte Telefonnummer angeben<\/span>\n            <\/div>\n        <\/div>\n    <\/div>\n\n        <div class=\"form__row --full\">\n        <div class=\"form__row-col\">\n            <div class=\"form-control\">\n                                <label class=\"form-control-label\">\n                    Deine Nachricht                                    <\/label>\n\t\t\t\t                <textarea name=\"note\" class=\"form-control-textarea required\" placeholder=\"Bitte um R\u00fcckruf\"><\/textarea>\n                <span class=\"valid-message\" style=\"display: none;\">Pflichtfeld<\/span>\n            <\/div>\n        <\/div>\n    <\/div>\n    \n        <div class=\"form__row --full\">\n        <div class=\"form__row-col\">\n            <div class=\"form-control\">\n                <div class=\"form-control-file files\">\n                    <div class=\"files-area\">\n                                                <h3 class=\"files-title\">Anhang hochladen max. 10 MB<\/h3>\n                                                <div class=\"files-names-holder\">\n                            <div class=\"files-names\"><\/div>\n                                                        <div class=\"files-limit\">Max 3 Files<\/div>\n                                                    <\/div>\n                    <\/div>\n                    <label class=\"form-control-file__label\">\n                        <input type=\"file\" name=\"file[]\" multiple class=\"form-control-file__input \" data-max=\"3\" data-size=\"3\"\/>\n                        <span class=\"valid-message\" style=\"display: none;\">Pflichtfeld<\/span>\n                        <span class=\"valid-message size-error\" style=\"display: none;\">Die Dateigr\u00f6\u00dfe \u00fcberschreitet die maximale Gr\u00f6\u00dfe<\/span>\n                        <span class=\"valid-message invalid-file\" style=\"display: none;\">max 3 Dateien<\/span>\n                        <span class=\"btn btn-outline\">Anhang Hinzuf\u00fcgen<\/span>\n                    <\/label>\n                <\/div>\n            <\/div>\n        <\/div>\n    <\/div>\n        \n    <div class=\"form__bottom\">\n                <label class=\"agree\">\n            <input type=\"checkbox\" name=\"agree\" class=\"agree__input required\">\n            <span class=\"agree__box\">\n                Ich akzeptiere die Datenschutzvereinbarungen und AGB.            <\/span>\n        <\/label>\n        <span class=\"valid-message\" style=\"display: none;\">Pflichtfeld<\/span>\n                <button type=\"submit\" class=\"btn btn-secondary\">Senden<\/button>\n    <\/div>\n    <span class=\"invalid-message\" style=\"display: none;\">Etwas ist schief gelaufen, versuche es erneut<\/span>\n<\/form>\r\n\t\t\t\t<div class=\"from-succses\">\r\n\t\t\t\t\t\t\t\t\t\t<h3 class=\"from-succses__title\">Vielen Dank f\u00fcr deine Anfrage. Die Best\u00e4tigung ist bereits unterwegs in deinen Posteingang. Wir melden uns bei dir. <\/h3>\r\n\t\t\t\t\t\r\n\t\t\t\t\t\t\t\t\t\t<div class=\"from-succses__subscribe\">\r\n\t\t\t\t\t\t\t\t\t\t\t\t<h4 class=\"from-succses__subscribe-title\">F\u00fcr den Newsletter anmelden.  <\/h4>\r\n\t\t\t\t\t\t                        \r\n\t\t\t\t\t\t<form class=\"subscribe\">\n    <div class=\"subscribe-step active\">\n        <div class=\"form-control form-control-w-btn\">\n            <button tupe=\"button\" class=\"form-control-submit apply-btn js-subscribe-step\">\n                <img decoding=\"async\" src=\"https:\/\/apriko.com\/de\/wp-content\/themes\/general\/frontend\/assets\/img\/arrow-right.svg\" alt=\"applay\">\n            <\/button>\n            <input type=\"email\" name=\"email\" class=\"form-control-input required\" placeholder=\"e-mail\">\n        <\/div>\n        <label class=\"agree form-control\">\n            <input type=\"checkbox\" name=\"agree\" class=\"agree__input required\">\n            <span class=\"agree__box\">\n                Ich akzeptiere die Datenschutzbestimmungen.            <\/span>\n        <\/label>\n        <div class=\"step-errors\">\n            <span class=\"valid-message general\" style=\"display: none;\">Pflichtfeld<\/span>\n            <span class=\"valid-message invalid-email\" style=\"display: none;\">Bitte korrekte E-Mail angeben<\/span>\n        <\/div>\n    <\/div>\n\n    <div class=\"subscribe-step\">\n        <div class=\"form-control\">\n            <select class=\"js-select select\" name=\"gender\">\n                <option value=\"0\">Anrede<\/option>\n                <option value=\"Female\">Frau<\/option>\n                <option value=\"Male\">Herr<\/option>\n                <option value=\"Other\">Keine<\/option>\n            <\/select>\n        <\/div>\n        <span class=\"valid-message\" style=\"display: none;\">Pflichtfeld<\/span>\n        <div class=\"form-control\">\n            <input type=\"text\" name=\"name\" class=\"form-control-input\" placeholder=\"First name\">\n        <\/div>\n        <span class=\"valid-message\" style=\"display: none;\">Pflichtfeld<\/span>\n        <div class=\"form-control form-control-w-btn\">\n            <button tupe=\"button\" class=\"form-control-submit apply-btn js-subscribe-step form-mailchimp-subscribe\">\n                <img decoding=\"async\" src=\"https:\/\/apriko.com\/de\/wp-content\/themes\/general\/frontend\/assets\/img\/arrow-right.svg\" alt=\"applay\">\n            <\/button>\n            <input type=\"text\" name=\"surname\" class=\"form-control-input\" placeholder=\"Last Name\">\n        <\/div>\n        <span class=\"valid-message\" style=\"display: none;\">Pflichtfeld<\/span>\n        <span class=\"invalid-message all\" style=\"display: none;\">Etwas ist schief gelaufen, versuche es erneut<\/span>\n        <span class=\"invalid-message pending\" style=\"display: none;\">Wir haben die Best\u00e4tigungs-E-Mail bereits verschickt &#8211; bitte best\u00e4tige deine Anmeldung<\/span>\n        <span class=\"invalid-message registered\" style=\"display: none;\">E-Mail ist bereits registriert, danke<\/span>\n    <\/div>\n\n    <div class=\"subscribe-step\">\n            <div class=\"subscribe__text\">\n            <h4>Herzlichen Dank<\/h4>\n<p>\u00dcberpr\u00fcfe dein E-Mail-Postfach und klicke auf den Best\u00e4tigungslink, den wir dir geschickt haben, um deine Anmeldung abzuschliessen.<\/p>\n        <\/div>\n        <\/div>\n<\/form>\t\t\t\t\t<\/div>\r\n\t\t\t\t\t\t\t\t\t<\/div>\r\n\t\t\t<\/div>\r\n\t\t<\/div>\r\n\t<\/div>\r\n<\/section>\n\n\n<section id=\"contact-6614f40b5838d\" class=\"section\">\n\n\t<div class=\"container\">\n                \n\t\t<div class=\"contact-block\">\n\t\t\t<div class=\"contact-block__cont contact-info\">\n                \t\t\t\t<h3 class=\"contact-info__title\">Keine Lust auf Formulare? Dann schreib uns direkt oder ruf an!<\/h3>\n                                \t\t\t\t<div class=\"contact-info__name\">Med Ramiqi<\/div>\n                                \t\t\t\t<div class=\"contact-info__sub-title\">COO &amp; Founding Partner<\/div>\n                \n\t\t\t\t<div class=\"contact-info__links\">\n                    \t\t\t\t\t<a href=\"mailto:med&#064;aprik&#111;&#046;c&#111;m?subject=Website Kontaktaufnahme\">med&#64;aprik&#111;&#46;c&#111;m<\/a>\n                                        \n\t\t\t\t\t<a href=\"tel:+&#52;&#49;&#52;&#52;5&#52;2&#49;&#49;&#49;&#49;\">+&#52;&#49; &#52;&#52; 5&#52;2 &#49;&#49; &#49;&#49;<\/a>\n                    \t\t\t\t<\/div>\n\n                \t\t\t<\/div>\n\n\t\t\t<div class=\"contact-block__media\">\n                \n<div  class=\"contact-block__img\">\n\n<picture>\n    <img decoding=\"async\" width=\"1500\" height=\"1222\" src=\"https:\/\/apriko.com\/de\/wp-content\/uploads\/sites\/4\/2024\/04\/Med-Ramiqi-Contact.jpg\" class=\"attachment-full size-full\" alt=\"Med Ramiqi\" srcset=\"https:\/\/apriko.com\/de\/wp-content\/uploads\/sites\/4\/2024\/04\/Med-Ramiqi-Contact.jpg 1500w, https:\/\/apriko.com\/de\/wp-content\/uploads\/sites\/4\/2024\/04\/Med-Ramiqi-Contact-768x626.jpg 768w\" sizes=\"(max-width: 1500px) 100vw, 1500px\" \/><\/picture>\n\n\n\n<\/div>\n\n\t\t\t\t<div class=\"contact-block__decore\">\n\t\t\t\t\t<img decoding=\"async\" src=\"https:\/\/apriko.com\/de\/wp-content\/themes\/general\/frontend\/assets\/img\/contacts-decore.svg\" alt=\"\">\n\t\t\t\t<\/div>\n\t\t\t<\/div>\n\t\t<\/div>\n\t<\/div>\n<\/section>","protected":false},"excerpt":{"rendered":"","protected":false},"author":3,"featured_media":0,"parent":0,"menu_order":0,"comment_status":"closed","ping_status":"closed","template":"","meta":{"_acf_changed":false,"footnotes":""},"acf":[],"yoast_head":"<!-- This site is optimized with the Yoast SEO Premium plugin v23.3 (Yoast SEO v23.3) - https:\/\/yoast.com\/wordpress\/plugins\/seo\/ -->\n<title>Kontakt - Apriko<\/title>\n<meta name=\"robots\" content=\"index, follow, max-snippet:-1, max-image-preview:large, max-video-preview:-1\" \/>\n<link rel=\"canonical\" href=\"https:\/\/apriko.com\/de\/kontakt\/\" \/>\n<meta property=\"og:locale\" content=\"de_DE\" \/>\n<meta property=\"og:type\" content=\"article\" \/>\n<meta property=\"og:title\" content=\"Kontakt\" \/>\n<meta property=\"og:url\" content=\"https:\/\/apriko.com\/de\/kontakt\/\" \/>\n<meta property=\"og:site_name\" content=\"Apriko\" \/>\n<meta property=\"article:modified_time\" content=\"2025-02-26T17:10:07+00:00\" \/>\n<meta name=\"twitter:card\" content=\"summary_large_image\" \/>\n<meta name=\"twitter:label1\" content=\"Gesch\u00e4tzte Lesezeit\" \/>\n\t<meta name=\"twitter:data1\" content=\"2\u00a0Minuten\" \/>\n<script type=\"application\/ld+json\" class=\"yoast-schema-graph\">{\"@context\":\"https:\/\/schema.org\",\"@graph\":[{\"@type\":\"WebPage\",\"@id\":\"https:\/\/apriko.com\/de\/kontakt\/\",\"url\":\"https:\/\/apriko.com\/de\/kontakt\/\",\"name\":\"Kontakt - Apriko\",\"isPartOf\":{\"@id\":\"https:\/\/apriko.com\/de\/#website\"},\"datePublished\":\"2024-04-09T07:26:23+00:00\",\"dateModified\":\"2025-02-26T17:10:07+00:00\",\"breadcrumb\":{\"@id\":\"https:\/\/apriko.com\/de\/kontakt\/#breadcrumb\"},\"inLanguage\":\"de\",\"potentialAction\":[{\"@type\":\"ReadAction\",\"target\":[\"https:\/\/apriko.com\/de\/kontakt\/\"]}]},{\"@type\":\"BreadcrumbList\",\"@id\":\"https:\/\/apriko.com\/de\/kontakt\/#breadcrumb\",\"itemListElement\":[{\"@type\":\"ListItem\",\"position\":1,\"name\":\"Apriko\",\"item\":\"https:\/\/apriko.com\/de\/\"},{\"@type\":\"ListItem\",\"position\":2,\"name\":\"Kontakt\"}]},{\"@type\":\"WebSite\",\"@id\":\"https:\/\/apriko.com\/de\/#website\",\"url\":\"https:\/\/apriko.com\/de\/\",\"name\":\"Apriko\",\"description\":\"\",\"potentialAction\":[{\"@type\":\"SearchAction\",\"target\":{\"@type\":\"EntryPoint\",\"urlTemplate\":\"https:\/\/apriko.com\/de\/?s={search_term_string}\"},\"query-input\":\"required name=search_term_string\"}],\"inLanguage\":\"de\"}]}<\/script>\n<!-- \/ Yoast SEO Premium plugin. -->","yoast_head_json":{"title":"Kontakt - Apriko","robots":{"index":"index","follow":"follow","max-snippet":"max-snippet:-1","max-image-preview":"max-image-preview:large","max-video-preview":"max-video-preview:-1"},"canonical":"https:\/\/apriko.com\/de\/kontakt\/","og_locale":"de_DE","og_type":"article","og_title":"Kontakt","og_url":"https:\/\/apriko.com\/de\/kontakt\/","og_site_name":"Apriko","article_modified_time":"2025-02-26T17:10:07+00:00","twitter_card":"summary_large_image","twitter_misc":{"Gesch\u00e4tzte Lesezeit":"2\u00a0Minuten"},"schema":{"@context":"https:\/\/schema.org","@graph":[{"@type":"WebPage","@id":"https:\/\/apriko.com\/de\/kontakt\/","url":"https:\/\/apriko.com\/de\/kontakt\/","name":"Kontakt - Apriko","isPartOf":{"@id":"https:\/\/apriko.com\/de\/#website"},"datePublished":"2024-04-09T07:26:23+00:00","dateModified":"2025-02-26T17:10:07+00:00","breadcrumb":{"@id":"https:\/\/apriko.com\/de\/kontakt\/#breadcrumb"},"inLanguage":"de","potentialAction":[{"@type":"ReadAction","target":["https:\/\/apriko.com\/de\/kontakt\/"]}]},{"@type":"BreadcrumbList","@id":"https:\/\/apriko.com\/de\/kontakt\/#breadcrumb","itemListElement":[{"@type":"ListItem","position":1,"name":"Apriko","item":"https:\/\/apriko.com\/de\/"},{"@type":"ListItem","position":2,"name":"Kontakt"}]},{"@type":"WebSite","@id":"https:\/\/apriko.com\/de\/#website","url":"https:\/\/apriko.com\/de\/","name":"Apriko","description":"","potentialAction":[{"@type":"SearchAction","target":{"@type":"EntryPoint","urlTemplate":"https:\/\/apriko.com\/de\/?s={search_term_string}"},"query-input":"required name=search_term_string"}],"inLanguage":"de"}]}},"_links":{"self":[{"href":"https:\/\/apriko.com\/de\/wp-json\/wp\/v2\/pages\/7466"}],"collection":[{"href":"https:\/\/apriko.com\/de\/wp-json\/wp\/v2\/pages"}],"about":[{"href":"https:\/\/apriko.com\/de\/wp-json\/wp\/v2\/types\/page"}],"author":[{"embeddable":true,"href":"https:\/\/apriko.com\/de\/wp-json\/wp\/v2\/users\/3"}],"replies":[{"embeddable":true,"href":"https:\/\/apriko.com\/de\/wp-json\/wp\/v2\/comments?post=7466"}],"version-history":[{"count":57,"href":"https:\/\/apriko.com\/de\/wp-json\/wp\/v2\/pages\/7466\/revisions"}],"predecessor-version":[{"id":13560,"href":"https:\/\/apriko.com\/de\/wp-json\/wp\/v2\/pages\/7466\/revisions\/13560"}],"wp:attachment":[{"href":"https:\/\/apriko.com\/de\/wp-json\/wp\/v2\/media?parent=7466"}],"curies":[{"name":"wp","href":"https:\/\/api.w.org\/{rel}","templated":true}]}}