{"id":1866,"date":"2024-08-26T11:47:08","date_gmt":"2024-08-26T11:47:08","guid":{"rendered":"https:\/\/apriko.com\/fr\/?page_id=1866"},"modified":"2025-02-26T17:11:40","modified_gmt":"2025-02-26T17:11:40","slug":"contact","status":"publish","type":"page","link":"https:\/\/apriko.com\/fr\/contact\/","title":{"rendered":"Contact"},"content":{"rendered":"\r\n<section id=\"header-for-content-pages-6614f40b57749\" class=\"section\">\r\n\r\n\t<div class=\"container\">\r\n\t\t<div class=\"hero-v5\">\r\n            \r\n<ul class=\"breadcrumbs\"><li><a href=\"https:\/\/apriko.com\/fr\/\">Apriko<\/a><\/li><\/ul>\r\n<h1 class=\"title-2\">D\u00e9couvre la diff\u00e9rence : essaie le logiciel gratuitement d\u00e8s maintenant <\/h1>\r\n\r\n<div class=\"hero-text\">\r\n    <p>Attention : Apriko rend d\u00e9pendant. Une fois que l&rsquo;on a travaill\u00e9 avec la solution sectorielle la plus moderne, on ne veut plus jamais revenir \u00e0 l&rsquo;ancien syst\u00e8me. Viens te rendre compte toi-m\u00eame : Contacte-nous et nous te pr\u00e9senterons gratuitement le logiciel.<\/p>\n<\/div>\r\n\r\n\t\t<\/div>\r\n\t<\/div>\r\n<\/section>\n\n\r\n<section id=\"form-6614f40b57fd7\" class=\"section\">\r\n\r\n\t<div class=\"container\">\r\n\t\t\t\t\r\n\t\t<div class=\"form-wrapper\">\r\n\t\t\t<div class=\"form-wrapper__left\">\r\n\t\t\t\t\t\t\t\t\r\n\t\t\t\t\t\t\t\t<div class=\"eyebrow\">Demande <\/div>\r\n\t\t\t\t\r\n\t\t\t\t\t\t\t\t<h2 class=\"title-3\">Que pouvons-nous faire pour toi ? <\/h2>\r\n\t\t\t\t\t\t\t\t\r\n\t\t\t\t\t\t\t\t<div class=\"form-wrapper__text\"><p>Bonjour, merci de ton int\u00e9r\u00eat ! Choisis ta pr\u00e9occupation et \u00e9cris-nous comment nous pouvons t&rsquo;aider. Nous te contacterons d\u00e8s que possible.<\/p>\n<\/div>\r\n\t\t\t\t\t\t\t<\/div>\r\n\t\t\t<div class=\"form-wrapper__right\">\r\n\t\t\t\t<form class=\"form js-form custom-form\" novalidate>\n        <div class=\"form__row\">\n        <div class=\"form__row-col\">\n            <div class=\"form-control\">\n                                <label class=\"form-control-label\">Ta demande<\/label>\n\t\t\t\t                <select name=\"subject\" class=\"js-select select required\">\n                                        <option value=\"0\">Conseils sur Apriko<\/option>\n                                        <option value=\"1\">Demande d&rsquo;offre<\/option>\n                                        <option value=\"2\">Tester le logiciel<\/option>\n                                        <option value=\"3\">Service pour cr\u00e9ateurs d\u2019entreprise<\/option>\n                                        <option value=\"4\">Rejoindre la communaut\u00e9<\/option>\n                                        <option value=\"5\">Autre<\/option>\n                                    <\/select>\n                <span class=\"valid-message\" style=\"display: none;\">Champ obligatoire<\/span>\n            <\/div>\n        <\/div>\n    <\/div>\n    \n        <div class=\"form__row\">\n        <div class=\"form__row-col\">\n            <div class=\"form-control\">\n                                <label class=\"form-control-label\">Titre de civilit\u00e9<\/label>\n\t\t\t\t                <select name=\"salutation\" class=\"js-select select \">\n                                        <option value=\"0\">Pas de<\/option>\n                                        <option value=\"1\">Madame<\/option>\n                                        <option value=\"2\">Monsieur<\/option>\n                                    <\/select>\n                <span class=\"valid-message\" style=\"display: none;\">Champ obligatoire<\/span>\n            <\/div>\n        <\/div>\n    <\/div>\n    \n    <div class=\"form__row form__row--mobile\">\n        <div class=\"form__row-col\">\n            <div class=\"form-control\">\n                                <label class=\"form-control-label\">Nom<\/label>\n\t\t\t\t                <input type=\"text\" name=\"first_name\" class=\"form-control-input required\" placeholder=\"Pr\u00e9nom\">\n                <span class=\"valid-message\" style=\"display: none;\">Champ obligatoire<\/span>\n            <\/div>\n        <\/div>\n\n        <div class=\"form__row-col\">\n            <div class=\"form-control\">\n                                <input type=\"text\" name=\"surname\" class=\"form-control-input required\" placeholder=\"Nom de famille\">\n                <span class=\"valid-message\" style=\"display: none;\">Champ obligatoire<\/span>\n            <\/div>\n        <\/div>\n    <\/div>\n\n        <div class=\"form__row\">\n        <div class=\"form__row-col\">\n            <div class=\"form-control\">\n                                <label class=\"form-control-label\">Entreprise <\/label>\n\t\t\t\t                <input type=\"text\" name=\"company\" class=\"form-control-input required\" placeholder=\"Ton entreprise\">\n                <span class=\"valid-message\" style=\"display: none;\">Champ obligatoire<\/span> \n            <\/div> \n        <\/div>\n    <\/div>\n    \n    <div class=\"form__row\">\n        <div class=\"form__row-col\">\n            <div class=\"form-control\">\n                                <label class=\"form-control-label\">E-Mail<\/label>\n\t\t\t\t                <input type=\"email\" name=\"email\" class=\"form-control-input required\" placeholder=\"ton@e-mail-adresse.ch\">\n                <span class=\"valid-message\" style=\"display: none;\">Champ obligatoire<\/span>\n                <span class=\"valid-message invalid-email\" style=\"display: none;\">Veuillez fournir un e-mail valide<\/span>\n            <\/div>\n        <\/div>\n        <div class=\"form__row-col\">\n            <div class=\"form-control\">\n                                <label class=\"form-control-label\">Num\u00e9ro de t\u00e9l\u00e9phone (facultatif)<\/label>\n\t\t\t\t                <input type=\"tel\" name=\"phone\" class=\"form-control-input input-phone \" placeholder=\"XX XXX XX XX\">\n                <span class=\"valid-message\" style=\"display: none;\">Champ obligatoire<\/span>\n                <span class=\"valid-message invalid-tel\" style=\"display: none;\">Veuillez fournir un num\u00e9ro de t\u00e9l\u00e9phone valide<\/span>\n            <\/div>\n        <\/div>\n    <\/div>\n\n        <div class=\"form__row --full\">\n        <div class=\"form__row-col\">\n            <div class=\"form-control\">\n                                <label class=\"form-control-label\">\n                    Ton message                                    <\/label>\n\t\t\t\t                <textarea name=\"note\" class=\"form-control-textarea required\" placeholder=\"Demande de rappel\"><\/textarea>\n                <span class=\"valid-message\" style=\"display: none;\">Champ obligatoire<\/span>\n            <\/div>\n        <\/div>\n    <\/div>\n    \n        <div class=\"form__row --full\">\n        <div class=\"form__row-col\">\n            <div class=\"form-control\">\n                <div class=\"form-control-file files\">\n                    <div class=\"files-area\">\n                                                <h3 class=\"files-title\">T\u00e9l\u00e9charger la pi\u00e8ce jointe max. 10 MB<\/h3>\n                                                <div class=\"files-names-holder\">\n                            <div class=\"files-names\"><\/div>\n                                                        <div class=\"files-limit\">Max 3 Files<\/div>\n                                                    <\/div>\n                    <\/div>\n                    <label class=\"form-control-file__label\">\n                        <input type=\"file\" name=\"file[]\" multiple class=\"form-control-file__input \" data-max=\"3\" data-size=\"3\"\/>\n                        <span class=\"valid-message\" style=\"display: none;\">Champ obligatoire<\/span>\n                        <span class=\"valid-message size-error\" style=\"display: none;\">the file size exceeds the max size<\/span>\n                        <span class=\"valid-message invalid-file\" style=\"display: none;\">max 3 fichiers<\/span>\n                        <span class=\"btn btn-outline\">Ajouter une annexe<\/span>\n                    <\/label>\n                <\/div>\n            <\/div>\n        <\/div>\n    <\/div>\n        \n    <div class=\"form__bottom\">\n                <label class=\"agree\">\n            <input type=\"checkbox\" name=\"agree\" class=\"agree__input required\">\n            <span class=\"agree__box\">\n                J&rsquo;accepte les accords sur la protection des donn\u00e9es et les conditions g\u00e9n\u00e9rales.            <\/span>\n        <\/label>\n        <span class=\"valid-message\" style=\"display: none;\">Champ obligatoire<\/span>\n                <button type=\"submit\" class=\"btn btn-secondary\">Envoyer<\/button>\n    <\/div>\n    <span class=\"invalid-message\" style=\"display: none;\">Quelque chose s&rsquo;est mal pass\u00e9, r\u00e9essayez<\/span>\n<\/form>\r\n\t\t\t\t<div class=\"from-succses\">\r\n\t\t\t\t\t\t\t\t\t\t<h3 class=\"from-succses__title\">Merci beaucoup pour ta demande. La confirmation est d\u00e9j\u00e0 en route vers ta bo\u00eete de r\u00e9ception. Nous te contacterons. <\/h3>\r\n\t\t\t\t\t\r\n\t\t\t\t\t\t\t\t\t\t<div class=\"from-succses__subscribe\">\r\n\t\t\t\t\t\t\t\t\t\t\t\t<h4 class=\"from-succses__subscribe-title\">S&rsquo;abonner \u00e0 la newsletter.<\/h4>\r\n\t\t\t\t\t\t                        \r\n\t\t\t\t\t\t<form class=\"subscribe\">\n    <div class=\"subscribe-step active\">\n        <div class=\"form-control form-control-w-btn\">\n            <button tupe=\"button\" class=\"form-control-submit apply-btn js-subscribe-step\">\n                <img decoding=\"async\" src=\"https:\/\/apriko.com\/fr\/wp-content\/themes\/general\/frontend\/assets\/img\/arrow-right.svg\" alt=\"applay\">\n            <\/button>\n            <input type=\"email\" name=\"email\" class=\"form-control-input required\" placeholder=\"e-mail\">\n        <\/div>\n        <label class=\"agree form-control\">\n            <input type=\"checkbox\" name=\"agree\" class=\"agree__input required\">\n            <span class=\"agree__box\">\n                J&rsquo;accepte les dispositions relatives \u00e0 la protection des donn\u00e9es.            <\/span>\n        <\/label>\n        <div class=\"step-errors\">\n            <span class=\"valid-message general\" style=\"display: none;\">Champ obligatoire<\/span>\n            <span class=\"valid-message invalid-email\" style=\"display: none;\">Veuillez fournir un e-mail valide<\/span>\n        <\/div>\n    <\/div>\n\n    <div class=\"subscribe-step\">\n        <div class=\"form-control\">\n            <select class=\"js-select select\" name=\"gender\">\n                <option value=\"0\">Titre de civilit\u00e9<\/option>\n                <option value=\"Female\">Femme<\/option>\n                <option value=\"Male\">Homme<\/option>\n                <option value=\"Other\">Autres<\/option>\n            <\/select>\n        <\/div>\n        <span class=\"valid-message\" style=\"display: none;\">Champ obligatoire<\/span>\n        <div class=\"form-control\">\n            <input type=\"text\" name=\"name\" class=\"form-control-input\" placeholder=\"Premier nom\">\n        <\/div>\n        <span class=\"valid-message\" style=\"display: none;\">Champ obligatoire<\/span>\n        <div class=\"form-control form-control-w-btn\">\n            <button tupe=\"button\" class=\"form-control-submit apply-btn js-subscribe-step form-mailchimp-subscribe\">\n                <img decoding=\"async\" src=\"https:\/\/apriko.com\/fr\/wp-content\/themes\/general\/frontend\/assets\/img\/arrow-right.svg\" alt=\"applay\">\n            <\/button>\n            <input type=\"text\" name=\"surname\" class=\"form-control-input\" placeholder=\"Dernier nom\">\n        <\/div>\n        <span class=\"valid-message\" style=\"display: none;\">Champ obligatoire<\/span>\n        <span class=\"invalid-message all\" style=\"display: none;\">Quelque chose s&rsquo;est mal pass\u00e9, r\u00e9essayez<\/span>\n        <span class=\"invalid-message pending\" style=\"display: none;\">Nous avons d\u00e9j\u00e0 envoy\u00e9 l&rsquo;e-mail de confirmation &#8211; veuillez confirmer votre inscription<\/span>\n        <span class=\"invalid-message registered\" style=\"display: none;\">L&rsquo;e-mail est d\u00e9j\u00e0 enregistr\u00e9, merci<\/span>\n    <\/div>\n\n    <div class=\"subscribe-step\">\n            <div class=\"subscribe__text\">\n            <h4>Merci beaucoup<\/h4>\n<p>Peles verrovit la ipsam faciis rent, volute mos unt, optatqu<\/p>\n        <\/div>\n        <\/div>\n<\/form>\t\t\t\t\t<\/div>\r\n\t\t\t\t\t\t\t\t\t<\/div>\r\n\t\t\t<\/div>\r\n\t\t<\/div>\r\n\t<\/div>\r\n<\/section>\n\n\n<section id=\"contact-6614f40b5838d\" class=\"section\">\n\n\t<div class=\"container\">\n                \n\t\t<div class=\"contact-block\">\n\t\t\t<div class=\"contact-block__cont contact-info\">\n                \t\t\t\t<h3 class=\"contact-info__title\">Tu n&rsquo;as pas envie de remplir des formulaires ? Alors \u00e9cris-nous directement ou appelle-nous !<\/h3>\n                                \t\t\t\t<div class=\"contact-info__name\">Med Ramiqi<\/div>\n                                \t\t\t\t<div class=\"contact-info__sub-title\">COO &#038; Founding Partner<\/div>\n                \n\t\t\t\t<div class=\"contact-info__links\">\n                    \t\t\t\t\t<a href=\"mailto:med&#064;aprik&#111;&#046;c&#111;m?subject=Site web Prise de contact\">med&#64;aprik&#111;&#46;c&#111;m<\/a>\n                                        \n\t\t\t\t\t<a href=\"tel:+&#52;&#49;&#52;&#52;5&#52;2&#49;&#49;&#49;&#49;\">+&#52;&#49; &#52;&#52; 5&#52;2 &#49;&#49; &#49;&#49;<\/a>\n                    \t\t\t\t<\/div>\n\n                \t\t\t<\/div>\n\n\t\t\t<div class=\"contact-block__media\">\n                \n<div  class=\"contact-block__img\">\n\n<picture>\n    <img decoding=\"async\" width=\"1500\" height=\"1222\" src=\"https:\/\/apriko.com\/fr\/wp-content\/uploads\/sites\/2\/2025\/01\/Med-Ramiqi-Contact-.jpg\" class=\"attachment-full size-full\" alt=\"\" srcset=\"https:\/\/apriko.com\/fr\/wp-content\/uploads\/sites\/2\/2025\/01\/Med-Ramiqi-Contact-.jpg 1500w, https:\/\/apriko.com\/fr\/wp-content\/uploads\/sites\/2\/2025\/01\/Med-Ramiqi-Contact--300x244.jpg 300w, https:\/\/apriko.com\/fr\/wp-content\/uploads\/sites\/2\/2025\/01\/Med-Ramiqi-Contact--1024x834.jpg 1024w, https:\/\/apriko.com\/fr\/wp-content\/uploads\/sites\/2\/2025\/01\/Med-Ramiqi-Contact--768x626.jpg 768w\" sizes=\"(max-width: 1500px) 100vw, 1500px\" \/><\/picture>\n\n\n\n<\/div>\n\n\t\t\t\t<div class=\"contact-block__decore\">\n\t\t\t\t\t<img decoding=\"async\" src=\"https:\/\/apriko.com\/fr\/wp-content\/themes\/general\/frontend\/assets\/img\/contacts-decore.svg\" alt=\"\">\n\t\t\t\t<\/div>\n\t\t\t<\/div>\n\t\t<\/div>\n\t<\/div>\n<\/section>","protected":false},"excerpt":{"rendered":"","protected":false},"author":5,"featured_media":0,"parent":0,"menu_order":0,"comment_status":"closed","ping_status":"closed","template":"","meta":{"_acf_changed":false,"footnotes":""},"acf":[],"yoast_head":"<!-- This site is optimized with the Yoast SEO Premium plugin v23.3 (Yoast SEO v23.3) - https:\/\/yoast.com\/wordpress\/plugins\/seo\/ -->\n<title>Contact - Apriko<\/title>\n<meta name=\"robots\" content=\"index, follow, max-snippet:-1, max-image-preview:large, max-video-preview:-1\" \/>\n<link rel=\"canonical\" href=\"https:\/\/apriko.com\/fr\/contact\/\" \/>\n<meta property=\"og:locale\" content=\"fr_FR\" \/>\n<meta property=\"og:type\" content=\"article\" \/>\n<meta property=\"og:title\" content=\"Contact\" \/>\n<meta property=\"og:url\" content=\"https:\/\/apriko.com\/fr\/contact\/\" \/>\n<meta property=\"og:site_name\" content=\"Apriko\" \/>\n<meta property=\"article:modified_time\" content=\"2025-02-26T17:11:40+00:00\" \/>\n<meta name=\"twitter:card\" content=\"summary_large_image\" \/>\n<meta name=\"twitter:label1\" content=\"Dur\u00e9e de lecture estim\u00e9e\" \/>\n\t<meta name=\"twitter:data1\" content=\"2 minutes\" \/>\n<script type=\"application\/ld+json\" class=\"yoast-schema-graph\">{\"@context\":\"https:\/\/schema.org\",\"@graph\":[{\"@type\":\"WebPage\",\"@id\":\"https:\/\/apriko.com\/fr\/contact\/\",\"url\":\"https:\/\/apriko.com\/fr\/contact\/\",\"name\":\"Contact - Apriko\",\"isPartOf\":{\"@id\":\"https:\/\/apriko.com\/fr\/#website\"},\"datePublished\":\"2024-08-26T11:47:08+00:00\",\"dateModified\":\"2025-02-26T17:11:40+00:00\",\"breadcrumb\":{\"@id\":\"https:\/\/apriko.com\/fr\/contact\/#breadcrumb\"},\"inLanguage\":\"fr-FR\",\"potentialAction\":[{\"@type\":\"ReadAction\",\"target\":[\"https:\/\/apriko.com\/fr\/contact\/\"]}]},{\"@type\":\"BreadcrumbList\",\"@id\":\"https:\/\/apriko.com\/fr\/contact\/#breadcrumb\",\"itemListElement\":[{\"@type\":\"ListItem\",\"position\":1,\"name\":\"Apriko\",\"item\":\"https:\/\/apriko.com\/fr\/\"},{\"@type\":\"ListItem\",\"position\":2,\"name\":\"contact\"}]},{\"@type\":\"WebSite\",\"@id\":\"https:\/\/apriko.com\/fr\/#website\",\"url\":\"https:\/\/apriko.com\/fr\/\",\"name\":\"Apriko\",\"description\":\"\",\"potentialAction\":[{\"@type\":\"SearchAction\",\"target\":{\"@type\":\"EntryPoint\",\"urlTemplate\":\"https:\/\/apriko.com\/fr\/?s={search_term_string}\"},\"query-input\":\"required name=search_term_string\"}],\"inLanguage\":\"fr-FR\"}]}<\/script>\n<!-- \/ Yoast SEO Premium plugin. -->","yoast_head_json":{"title":"Contact - Apriko","robots":{"index":"index","follow":"follow","max-snippet":"max-snippet:-1","max-image-preview":"max-image-preview:large","max-video-preview":"max-video-preview:-1"},"canonical":"https:\/\/apriko.com\/fr\/contact\/","og_locale":"fr_FR","og_type":"article","og_title":"Contact","og_url":"https:\/\/apriko.com\/fr\/contact\/","og_site_name":"Apriko","article_modified_time":"2025-02-26T17:11:40+00:00","twitter_card":"summary_large_image","twitter_misc":{"Dur\u00e9e de lecture estim\u00e9e":"2 minutes"},"schema":{"@context":"https:\/\/schema.org","@graph":[{"@type":"WebPage","@id":"https:\/\/apriko.com\/fr\/contact\/","url":"https:\/\/apriko.com\/fr\/contact\/","name":"Contact - Apriko","isPartOf":{"@id":"https:\/\/apriko.com\/fr\/#website"},"datePublished":"2024-08-26T11:47:08+00:00","dateModified":"2025-02-26T17:11:40+00:00","breadcrumb":{"@id":"https:\/\/apriko.com\/fr\/contact\/#breadcrumb"},"inLanguage":"fr-FR","potentialAction":[{"@type":"ReadAction","target":["https:\/\/apriko.com\/fr\/contact\/"]}]},{"@type":"BreadcrumbList","@id":"https:\/\/apriko.com\/fr\/contact\/#breadcrumb","itemListElement":[{"@type":"ListItem","position":1,"name":"Apriko","item":"https:\/\/apriko.com\/fr\/"},{"@type":"ListItem","position":2,"name":"contact"}]},{"@type":"WebSite","@id":"https:\/\/apriko.com\/fr\/#website","url":"https:\/\/apriko.com\/fr\/","name":"Apriko","description":"","potentialAction":[{"@type":"SearchAction","target":{"@type":"EntryPoint","urlTemplate":"https:\/\/apriko.com\/fr\/?s={search_term_string}"},"query-input":"required name=search_term_string"}],"inLanguage":"fr-FR"}]}},"_links":{"self":[{"href":"https:\/\/apriko.com\/fr\/wp-json\/wp\/v2\/pages\/1866"}],"collection":[{"href":"https:\/\/apriko.com\/fr\/wp-json\/wp\/v2\/pages"}],"about":[{"href":"https:\/\/apriko.com\/fr\/wp-json\/wp\/v2\/types\/page"}],"author":[{"embeddable":true,"href":"https:\/\/apriko.com\/fr\/wp-json\/wp\/v2\/users\/5"}],"replies":[{"embeddable":true,"href":"https:\/\/apriko.com\/fr\/wp-json\/wp\/v2\/comments?post=1866"}],"version-history":[{"count":5,"href":"https:\/\/apriko.com\/fr\/wp-json\/wp\/v2\/pages\/1866\/revisions"}],"predecessor-version":[{"id":2744,"href":"https:\/\/apriko.com\/fr\/wp-json\/wp\/v2\/pages\/1866\/revisions\/2744"}],"wp:attachment":[{"href":"https:\/\/apriko.com\/fr\/wp-json\/wp\/v2\/media?parent=1866"}],"curies":[{"name":"wp","href":"https:\/\/api.w.org\/{rel}","templated":true}]}}