{"id":2544,"date":"2025-01-31T14:26:37","date_gmt":"2025-01-31T14:26:37","guid":{"rendered":"https:\/\/apriko.com\/fr\/?page_id=2544"},"modified":"2025-02-26T13:14:56","modified_gmt":"2025-02-26T13:14:56","slug":"medias-salle-de-presse","status":"publish","type":"page","link":"https:\/\/apriko.com\/fr\/medias-salle-de-presse\/","title":{"rendered":"M\u00e9dias &amp; Salle de presse"},"content":{"rendered":"\r\n<section id=\"header-for-content-pages-6614fe8b92058\" class=\"section\">\r\n\r\n\t<div class=\"container\">\r\n\t\t<div class=\"hero-v5\">\r\n            \r\n<ul class=\"breadcrumbs\"><li><a href=\"https:\/\/apriko.com\/fr\/\">Apriko<\/a><\/li><\/ul>\r\n<h1 class=\"title-2\">M\u00e9dias et t\u00e9l\u00e9chargements<\/h1>\r\n\r\n<div class=\"hero-text\">\r\n    <p>Les informations les plus importantes pour les journalistes, des logos et des images \u00e0 t\u00e9l\u00e9charger. Et Apriko dans les m\u00e9dias.<\/p>\n<\/div>\r\n\r\n\t\t<\/div>\r\n\t<\/div>\r\n<\/section>\n\n\n<section id=\"horizontal-content-66227ee563e82\" class=\"section section-content-links\">\n\n\t<div class=\"container\">\n        \n        \t\t<div class=\"eyebrow\">Paquet m\u00e9dia<\/div>\n        \n        \t\t<h2 class=\"title-3 part-width-title\">Logos, images m\u00e9diatiques, illustrations et boilerplate<\/h2>\n        \n\t\t<div class=\"article-wrap \">\n            \n\n<div class=\"article-card\">\n    \n    \n    <div class=\"article-card__title-cont\">\n        \n            <\/div>\n\n    \n     \n    \n    \n<\/div>            \n<div class=\"article-wrap__links  --green\">\n        <div class=\"article-link-row\">\n                <div class=\"icon icon-25\">\n            <img decoding=\"async\" src=\"https:\/\/apriko.com\/fr\/wp-content\/uploads\/sites\/2\/2024\/07\/check.svg\" class=\"attachment-25x25 size-25x25\" alt=\"\" \/>        <\/div>\n                Logo en divers formats    <\/div>\n        <div class=\"article-link-row\">\n                <div class=\"icon icon-25\">\n            <img decoding=\"async\" src=\"https:\/\/apriko.com\/fr\/wp-content\/uploads\/sites\/2\/2024\/07\/check.svg\" class=\"attachment-25x25 size-25x25\" alt=\"\" \/>        <\/div>\n                Portraits de la direction    <\/div>\n        <div class=\"article-link-row\">\n                <div class=\"icon icon-25\">\n            <img decoding=\"async\" src=\"https:\/\/apriko.com\/fr\/wp-content\/uploads\/sites\/2\/2024\/07\/check.svg\" class=\"attachment-25x25 size-25x25\" alt=\"\" \/>        <\/div>\n                Images d&rsquo;Apriko    <\/div>\n        <div class=\"article-link-row\">\n                <div class=\"icon icon-25\">\n            <img decoding=\"async\" src=\"https:\/\/apriko.com\/fr\/wp-content\/uploads\/sites\/2\/2024\/07\/check.svg\" class=\"attachment-25x25 size-25x25\" alt=\"\" \/>        <\/div>\n                Illustrationen zum Apriko-System    <\/div>\n        <div class=\"article-link-row\">\n                <div class=\"icon icon-25\">\n            <img decoding=\"async\" src=\"https:\/\/apriko.com\/fr\/wp-content\/uploads\/sites\/2\/2024\/07\/check.svg\" class=\"attachment-25x25 size-25x25\" alt=\"\" \/>        <\/div>\n                Boilerplate    <\/div>\n    <\/div>            \n                        \r\n<div class=\"action-block \">\r\n    <div class=\"action-block__inner\">\r\n                <div class=\"action-block__text\"><p>Tout y est : t\u00e9l\u00e9charge le pack m\u00e9dia d&rsquo;Apriko.<\/p>\n<\/div>\r\n        \r\n                <a href=\"\/wp-content\/uploads\/2024\/08\/Media%20Kit.zip\" target=\"\" class=\"btn btn-primary\">T\u00e9l\u00e9charger<\/a>\r\n            <\/div>\r\n<\/div>\r\n            \t\t<\/div>\n\t<\/div>\n<\/section>\n\n\n<section id=\"contact-6614fe8b924d6\" class=\"section\">\n<style>\r\n    @media only screen and (min-width: 768px) {\r\n        #contact-6614fe8b924d6{ padding-top:0px !important;padding-bottom:px !important;}\r\n    }\r\n\r\n    @media only screen and (max-width: 767px) {\r\n        #contact-6614fe8b924d6{ padding-top:px !important;padding-bottom:px !important;}\r\n    }\r\n<\/style>\n\t<div class=\"container\">\n                \n\t\t<div class=\"contact-block\">\n\t\t\t<div class=\"contact-block__cont contact-info\">\n                \t\t\t\t<h3 class=\"contact-info__title\">Pour des interviews, des avis d&rsquo;experts et d&rsquo;autres demandes des m\u00e9dias : contacte-nous et nous te contacterons volontiers.<\/h3>\n                                \t\t\t\t<div class=\"contact-info__name\">Thaya Selvarajah<\/div>\n                                \t\t\t\t<div class=\"contact-info__sub-title\">CEO &amp; Founding Partner<\/div>\n                \n\t\t\t\t<div class=\"contact-info__links\">\n                    \t\t\t\t\t<a href=\"mailto:thaya&#064;aprik&#111;&#046;c&#111;m\">thaya&#64;aprik&#111;&#46;c&#111;m<\/a>\n                                        \n\t\t\t\t\t<a href=\"tel:+&#52;&#49;&#52;&#52;5&#52;2&#49;&#49;&#49;&#49;\">+&#52;&#49; &#52;&#52; 5&#52;2 &#49;&#49; &#49;&#49;<\/a>\n                    \t\t\t\t<\/div>\n\n                \t\t\t<\/div>\n\n\t\t\t<div class=\"contact-block__media\">\n                \n<div  class=\"contact-block__img\">\n\n<picture>\n    <img decoding=\"async\" width=\"1500\" height=\"1222\" src=\"https:\/\/apriko.com\/fr\/wp-content\/uploads\/sites\/2\/2025\/01\/Thaya-Selvarajah-Contact.jpg\" class=\"attachment-full size-full\" alt=\"\" srcset=\"https:\/\/apriko.com\/fr\/wp-content\/uploads\/sites\/2\/2025\/01\/Thaya-Selvarajah-Contact.jpg 1500w, https:\/\/apriko.com\/fr\/wp-content\/uploads\/sites\/2\/2025\/01\/Thaya-Selvarajah-Contact-300x244.jpg 300w, https:\/\/apriko.com\/fr\/wp-content\/uploads\/sites\/2\/2025\/01\/Thaya-Selvarajah-Contact-1024x834.jpg 1024w, https:\/\/apriko.com\/fr\/wp-content\/uploads\/sites\/2\/2025\/01\/Thaya-Selvarajah-Contact-768x626.jpg 768w\" sizes=\"(max-width: 1500px) 100vw, 1500px\" \/><\/picture>\n\n\n\n<\/div>\n\n\t\t\t\t<div class=\"contact-block__decore\">\n\t\t\t\t\t<img decoding=\"async\" src=\"https:\/\/apriko.com\/fr\/wp-content\/themes\/general\/frontend\/assets\/img\/contacts-decore.svg\" alt=\"\">\n\t\t\t\t<\/div>\n\t\t\t<\/div>\n\t\t<\/div>\n\t<\/div>\n<\/section>","protected":false},"excerpt":{"rendered":"","protected":false},"author":5,"featured_media":0,"parent":0,"menu_order":0,"comment_status":"closed","ping_status":"closed","template":"","meta":{"_acf_changed":false,"footnotes":""},"acf":[],"yoast_head":"<!-- This site is optimized with the Yoast SEO Premium plugin v23.3 (Yoast SEO v23.3) - https:\/\/yoast.com\/wordpress\/plugins\/seo\/ -->\n<title>M\u00e9dias &amp; Salle de presse - Apriko<\/title>\n<meta name=\"robots\" content=\"index, follow, max-snippet:-1, max-image-preview:large, max-video-preview:-1\" \/>\n<link rel=\"canonical\" href=\"https:\/\/apriko.com\/fr\/medias-salle-de-presse\/\" \/>\n<meta property=\"og:locale\" content=\"fr_FR\" \/>\n<meta property=\"og:type\" content=\"article\" \/>\n<meta property=\"og:title\" content=\"M\u00e9dias &amp; Salle de presse\" \/>\n<meta property=\"og:url\" content=\"https:\/\/apriko.com\/fr\/medias-salle-de-presse\/\" \/>\n<meta property=\"og:site_name\" content=\"Apriko\" \/>\n<meta property=\"article:modified_time\" content=\"2025-02-26T13:14:56+00:00\" \/>\n<meta name=\"twitter:card\" content=\"summary_large_image\" \/>\n<meta name=\"twitter:label1\" content=\"Dur\u00e9e de lecture estim\u00e9e\" \/>\n\t<meta name=\"twitter:data1\" content=\"2 minutes\" \/>\n<script type=\"application\/ld+json\" class=\"yoast-schema-graph\">{\"@context\":\"https:\/\/schema.org\",\"@graph\":[{\"@type\":\"WebPage\",\"@id\":\"https:\/\/apriko.com\/fr\/medias-salle-de-presse\/\",\"url\":\"https:\/\/apriko.com\/fr\/medias-salle-de-presse\/\",\"name\":\"M\u00e9dias &amp; Salle de presse - Apriko\",\"isPartOf\":{\"@id\":\"https:\/\/apriko.com\/fr\/#website\"},\"datePublished\":\"2025-01-31T14:26:37+00:00\",\"dateModified\":\"2025-02-26T13:14:56+00:00\",\"breadcrumb\":{\"@id\":\"https:\/\/apriko.com\/fr\/medias-salle-de-presse\/#breadcrumb\"},\"inLanguage\":\"fr-FR\",\"potentialAction\":[{\"@type\":\"ReadAction\",\"target\":[\"https:\/\/apriko.com\/fr\/medias-salle-de-presse\/\"]}]},{\"@type\":\"BreadcrumbList\",\"@id\":\"https:\/\/apriko.com\/fr\/medias-salle-de-presse\/#breadcrumb\",\"itemListElement\":[{\"@type\":\"ListItem\",\"position\":1,\"name\":\"Apriko\",\"item\":\"https:\/\/apriko.com\/fr\/\"},{\"@type\":\"ListItem\",\"position\":2,\"name\":\"M\u00e9dias &amp; Salle de presse\"}]},{\"@type\":\"WebSite\",\"@id\":\"https:\/\/apriko.com\/fr\/#website\",\"url\":\"https:\/\/apriko.com\/fr\/\",\"name\":\"Apriko\",\"description\":\"\",\"potentialAction\":[{\"@type\":\"SearchAction\",\"target\":{\"@type\":\"EntryPoint\",\"urlTemplate\":\"https:\/\/apriko.com\/fr\/?s={search_term_string}\"},\"query-input\":\"required name=search_term_string\"}],\"inLanguage\":\"fr-FR\"}]}<\/script>\n<!-- \/ Yoast SEO Premium plugin. -->","yoast_head_json":{"title":"M\u00e9dias &amp; Salle de presse - Apriko","robots":{"index":"index","follow":"follow","max-snippet":"max-snippet:-1","max-image-preview":"max-image-preview:large","max-video-preview":"max-video-preview:-1"},"canonical":"https:\/\/apriko.com\/fr\/medias-salle-de-presse\/","og_locale":"fr_FR","og_type":"article","og_title":"M\u00e9dias &amp; Salle de presse","og_url":"https:\/\/apriko.com\/fr\/medias-salle-de-presse\/","og_site_name":"Apriko","article_modified_time":"2025-02-26T13:14:56+00:00","twitter_card":"summary_large_image","twitter_misc":{"Dur\u00e9e de lecture estim\u00e9e":"2 minutes"},"schema":{"@context":"https:\/\/schema.org","@graph":[{"@type":"WebPage","@id":"https:\/\/apriko.com\/fr\/medias-salle-de-presse\/","url":"https:\/\/apriko.com\/fr\/medias-salle-de-presse\/","name":"M\u00e9dias &amp; Salle de presse - Apriko","isPartOf":{"@id":"https:\/\/apriko.com\/fr\/#website"},"datePublished":"2025-01-31T14:26:37+00:00","dateModified":"2025-02-26T13:14:56+00:00","breadcrumb":{"@id":"https:\/\/apriko.com\/fr\/medias-salle-de-presse\/#breadcrumb"},"inLanguage":"fr-FR","potentialAction":[{"@type":"ReadAction","target":["https:\/\/apriko.com\/fr\/medias-salle-de-presse\/"]}]},{"@type":"BreadcrumbList","@id":"https:\/\/apriko.com\/fr\/medias-salle-de-presse\/#breadcrumb","itemListElement":[{"@type":"ListItem","position":1,"name":"Apriko","item":"https:\/\/apriko.com\/fr\/"},{"@type":"ListItem","position":2,"name":"M\u00e9dias &amp; Salle de presse"}]},{"@type":"WebSite","@id":"https:\/\/apriko.com\/fr\/#website","url":"https:\/\/apriko.com\/fr\/","name":"Apriko","description":"","potentialAction":[{"@type":"SearchAction","target":{"@type":"EntryPoint","urlTemplate":"https:\/\/apriko.com\/fr\/?s={search_term_string}"},"query-input":"required name=search_term_string"}],"inLanguage":"fr-FR"}]}},"_links":{"self":[{"href":"https:\/\/apriko.com\/fr\/wp-json\/wp\/v2\/pages\/2544"}],"collection":[{"href":"https:\/\/apriko.com\/fr\/wp-json\/wp\/v2\/pages"}],"about":[{"href":"https:\/\/apriko.com\/fr\/wp-json\/wp\/v2\/types\/page"}],"author":[{"embeddable":true,"href":"https:\/\/apriko.com\/fr\/wp-json\/wp\/v2\/users\/5"}],"replies":[{"embeddable":true,"href":"https:\/\/apriko.com\/fr\/wp-json\/wp\/v2\/comments?post=2544"}],"version-history":[{"count":2,"href":"https:\/\/apriko.com\/fr\/wp-json\/wp\/v2\/pages\/2544\/revisions"}],"predecessor-version":[{"id":2726,"href":"https:\/\/apriko.com\/fr\/wp-json\/wp\/v2\/pages\/2544\/revisions\/2726"}],"wp:attachment":[{"href":"https:\/\/apriko.com\/fr\/wp-json\/wp\/v2\/media?parent=2544"}],"curies":[{"name":"wp","href":"https:\/\/api.w.org\/{rel}","templated":true}]}}