{"id":806,"date":"2024-03-27T13:44:17","date_gmt":"2024-03-27T13:44:17","guid":{"rendered":"https:\/\/apriko.stage-2.one-line.ch\/fr\/?page_id=806"},"modified":"2025-01-30T12:58:56","modified_gmt":"2025-01-30T12:58:56","slug":"team","status":"publish","type":"page","link":"https:\/\/apriko.com\/fr\/team\/","title":{"rendered":"Team"},"content":{"rendered":"\r\n<section id=\"header-for-content-pages-6613a5d669cc0\" class=\"section\">\r\n<style>\r\n    @media only screen and (min-width: 768px) {\r\n        #header-for-content-pages-6613a5d669cc0{ padding-top:px !important;padding-bottom:0px !important;}\r\n    }\r\n\r\n    @media only screen and (max-width: 767px) {\r\n        #header-for-content-pages-6613a5d669cc0{ padding-top:px !important;padding-bottom:px !important;}\r\n    }\r\n<\/style>\r\n\t<div class=\"container\">\r\n\t\t<div class=\"hero-v5\">\r\n            \r\n<ul class=\"breadcrumbs\"><li><a href=\"https:\/\/apriko.com\/fr\/\">Apriko<\/a><\/li><\/ul>\r\n<h1 class=\"title-2\">Nous aimons les d\u00e9fis et sommes pr\u00eats \u00e0 les relever.<\/h1>\r\n\r\n<div class=\"hero-text\">\r\n    <p>Notre objectif consiste \u00e0 simplifier les activit\u00e9s complexes des prestataires de services d\u2019emploi et \u00e0 automatiser int\u00e9gralement les t\u00e2ches administratives fastidieuses. Pour ce faire, nous repoussons les limites de ce qui est techniquement possible et trouvons de meilleures solutions. Avec toi.<\/p>\n<\/div>\r\n\r\n\t\t<\/div>\r\n\t<\/div>\r\n<\/section>\n\n\n<section id=\"card-slider-661f816c6c712\" class=\"section\">\n\n\t<div class=\"container\">\n\t\t\t\t\n\t\t<div class=\"cards-slider js-cards-slider\">\n\t\t\t<div class=\"cards-slider-head\">\n\t\t\t\t<div class=\"cards-slider-head__body\">\n                                        <div class=\"eyebrow\">Offres d\u2019emploi<\/div>\n                    \n                                        <h2 class=\"title-3\">Postulez chez Apriko<\/h2>\n                    \t\t\t\t<\/div>\n\t\t\t\t<div class=\"arrows cards-slider-arrows\">\n\t\t\t\t\t<button type=\"button\" class=\"arrow-btn arrow-btn-prev\">\n\t\t\t\t\t\t<img decoding=\"async\" src=\"https:\/\/apriko.com\/fr\/wp-content\/themes\/general\/frontend\/assets\/img\/arrow-left.svg\" alt=\"\">\n\t\t\t\t\t<\/button>\n\t\t\t\t\t<button type=\"button\" class=\"arrow-btn arrow-btn-next\">\n\t\t\t\t\t\t<img decoding=\"async\" src=\"https:\/\/apriko.com\/fr\/wp-content\/themes\/general\/frontend\/assets\/img\/arrow-right.svg\" alt=\"\">\n\t\t\t\t\t<\/button>\n\t\t\t\t<\/div>\n\t\t\t<\/div>\n\n            \t\t\t<div class=\"swiper\">\n\t\t\t\t<div class=\"swiper-wrapper\">\n                                    <div class=\"swiper-slide\">\n\t\t\t\t\t\t\t\t\t\t\n<div class=\"card-container \">\n    <div class=\"card \">\n        <div class=\"card__top\">\n            \n                            \n<div  class=\"card__media\">\n\n<picture>\n    <img decoding=\"async\" width=\"1920\" height=\"1080\" src=\"https:\/\/apriko.com\/fr\/wp-content\/uploads\/sites\/2\/2024\/08\/software-engineer-job.png\" class=\"attachment-full size-full\" alt=\"\" srcset=\"https:\/\/apriko.com\/fr\/wp-content\/uploads\/sites\/2\/2024\/08\/software-engineer-job.png 1920w, https:\/\/apriko.com\/fr\/wp-content\/uploads\/sites\/2\/2024\/08\/software-engineer-job-300x169.png 300w, https:\/\/apriko.com\/fr\/wp-content\/uploads\/sites\/2\/2024\/08\/software-engineer-job-1024x576.png 1024w, https:\/\/apriko.com\/fr\/wp-content\/uploads\/sites\/2\/2024\/08\/software-engineer-job-768x432.png 768w, https:\/\/apriko.com\/fr\/wp-content\/uploads\/sites\/2\/2024\/08\/software-engineer-job-1536x864.png 1536w\" sizes=\"(max-width: 1920px) 100vw, 1920px\" \/><\/picture>\n\n\n\n<\/div>\n                    <\/div>\n        <div class=\"card__body\">\n            <div class=\"card__head\">\n                <div class=\"card__head-left\">\n                                            <div class=\"card__category\">Jobs<\/div>\n                    \n                                        <h3 class=\"card__title\">Ing\u00e9nieur Full-Stack<\/h3>\n                                    <\/div>\n                                    \r\n<div  class=\"icon icon-35\">\r\n    <img decoding=\"async\" src=\"https:\/\/apriko.com\/fr\/wp-content\/uploads\/sites\/2\/2024\/08\/jobposting.svg\" class=\"attachment-35x35 size-35x35\" alt=\"\" \/><\/div>                            <\/div>\n\n            <div class=\"card__ligt-text\">ao\u00fbt 12, 2024<\/div>\n\n            <div class=\"card__text\">\n                <p>Apriko AG est une jeune entreprise bas\u00e9e \u00e0 Zurich qui recherche et d\u00e9veloppe des frameworks, des logiciels de gestion et des services en ligne pour les agences de recrutement.<\/p>\n<p>Notre logiciel d\u00e9velopp\u00e9 en interne nous permet d\u2019automatiser et de num\u00e9riser tous les processus administratifs pour les agences de recrutement. Chez Apriko AG, tu contribues activement \u00e0 la num\u00e9risation dans le secteur de la fiducie et des RH.<\/p>\n            <\/div>\n\n            <div class=\"card__footer\">\n                <div class=\"card__action\">\n                    <button type=\"button\" class=\"action-btn js-card-flip\">\n                        <svg xmlns=\"http:\/\/www.w3.org\/2000\/svg\" width=\"13\" height=\"15\" viewBox=\"0 0 13 15\" fill=\"none\">\r\n    <path d=\"M10.8333 15C10.2315 15 9.71991 14.7813 9.29861 14.3438C8.87732 13.9063 8.66667 13.375 8.66667 12.75C8.66667 12.6625 8.67269 12.5719 8.68472 12.4781C8.69676 12.3844 8.71482 12.3 8.73889 12.225L3.64722 9.15C3.44259 9.3375 3.21389 9.48438 2.96111 9.59063C2.70833 9.69688 2.44352 9.75 2.16667 9.75C1.56481 9.75 1.05324 9.53125 0.631944 9.09375C0.210648 8.65625 0 8.125 0 7.5C0 6.875 0.210648 6.34375 0.631944 5.90625C1.05324 5.46875 1.56481 5.25 2.16667 5.25C2.44352 5.25 2.70833 5.30313 2.96111 5.40938C3.21389 5.51562 3.44259 5.6625 3.64722 5.85L8.73889 2.775C8.71482 2.7 8.69676 2.61563 8.68472 2.52188C8.67269 2.42813 8.66667 2.3375 8.66667 2.25C8.66667 1.625 8.87732 1.09375 9.29861 0.65625C9.71991 0.21875 10.2315 0 10.8333 0C11.4352 0 11.9468 0.21875 12.3681 0.65625C12.7894 1.09375 13 1.625 13 2.25C13 2.875 12.7894 3.40625 12.3681 3.84375C11.9468 4.28125 11.4352 4.5 10.8333 4.5C10.5565 4.5 10.2917 4.44688 10.0389 4.34063C9.78611 4.23438 9.55741 4.0875 9.35278 3.9L4.26111 6.975C4.28519 7.05 4.30324 7.13438 4.31528 7.22813C4.32731 7.32188 4.33333 7.4125 4.33333 7.5C4.33333 7.5875 4.32731 7.67813 4.31528 7.77188C4.30324 7.86563 4.28519 7.95 4.26111 8.025L9.35278 11.1C9.55741 10.9125 9.78611 10.7656 10.0389 10.6594C10.2917 10.5531 10.5565 10.5 10.8333 10.5C11.4352 10.5 11.9468 10.7188 12.3681 11.1562C12.7894 11.5938 13 12.125 13 12.75C13 13.375 12.7894 13.9063 12.3681 14.3438C11.9468 14.7813 11.4352 15 10.8333 15Z\" fill=\"none\"\/>\r\n<\/svg>                    <\/button>\n                                        <button type=\"button\" class=\"action-btn bookmark\" data-id=\"1858\">\n                        <svg xmlns=\"http:\/\/www.w3.org\/2000\/svg\" width=\"13\" height=\"17\" viewBox=\"0 0 13 17\" fill=\"none\">\r\n    <path d=\"M0.5 17V1.88889C0.5 1.36944 0.667857 0.924769 1.00357 0.554861C1.33929 0.184954 1.74286 0 2.21429 0H10.7857C11.2571 0 11.6607 0.184954 11.9964 0.554861C12.3321 0.924769 12.5 1.36944 12.5 1.88889V17L6.5 13.4111L0.5 17ZM2.21429 14.1194L6.5 11.3333L10.7857 14.1194V1.88889H2.21429V14.1194Z\" fill=\"none\"\/>\r\n<\/svg>                    <\/button>\n                                    <\/div>\n                <a href=\"https:\/\/apriko.com\/fr\/blog\/ingenieur-full-stack\/\" class=\"link-text\">En savoir plus<\/a>\n            <\/div>\n        <\/div>\n    <\/div>\n\n            \n<div class=\"card-back card-back--blue share-data\" data-id=\"1858\" data-url=\"https:\/\/apriko.com\/fr\/blog\/ingenieur-full-stack\/\" >\n            <h3 class=\"card-back__title\">Share Options<\/h3>\n    \n    <div class=\"share-container\">\n        <ul class=\"share-nav share-step active\">\n            <li>\n                <a href=\"#\" class=\"js-share-copy\">\n                                        Link kopieren                <\/a>\n            <\/li>\n            <li>\n                <a href=\"#\" class=\"js-share-next\" data-share=\"email\">\n                                        Per E-Mail senden                <\/a>\n            <\/li>\n            <li>\n                <a class=\"js-share-linkedin\" href=\"#\" target=\"_blank\">\n                                        Auf LinkedIn teilen                <\/a>\n            <\/li>\n        <\/ul>\n\n        <div class=\"share-step share-step-email\" data-share-target=\"email\">\n            <form class=\"share-email\">\n                                <h3 class=\"title-sm\">Per E-Mail senden<\/h3>\n                                <div class=\"form-control\">\n                    <input type=\"email\" name=\"email\" class=\"form-control-input\" placeholder=\"E-Mail\">\n                <\/div>\n                <span class=\"valid-message\" style=\"display: none;\">Champ obligatoire<\/span>\n                <span class=\"valid-message invalid-email\" style=\"display: none;\">Veuillez fournir un e-mail valide<\/span>\n                <div class=\"share-email__bottom\">\n                    <div>\n                        <label class=\"agree\">\n                            <input type=\"checkbox\" class=\"agree__input\">\n                            <span class=\"agree__box\">\n                                Ich akzeptiere die Datenschutzvereinbarung und AGB.                            <\/span>\n                        <\/label>\n                        <span class=\"valid-message\" style=\"display: none;\">Champ obligatoire<\/span>\n                    <\/div>\n                    <div>\n                        <button type=\"button\" class=\"btn btn-secondary js-share-email\"  data-share=\"subscribe\">Senden<\/button>\n                    <\/div>\n                    <span class=\"invalid-message\" style=\"display: none;\">Quelque chose s&rsquo;est mal pass\u00e9, r\u00e9essayez<\/span>\n                <\/div>\n            <\/form>\n        <\/div>\n\n        <div class=\"share-step share-step-subscribe\" data-share-target=\"subscribe\">\n                            <div class=\"share-modal__text\"><p>Ecest, omnitat volor recestiosam faccusa pidundisquam re sitati nullaboris aut acessinvel mossust enia doluptur, sit eratibus.<\/p>\n<\/div>\n                                        <h3 class=\"title-sm\">Subscribe to our Newsletter<\/h3>\n            \n            <form class=\"subscribe\">\n    <div class=\"subscribe-step active\">\n        <div class=\"form-control form-control-w-btn\">\n            <button tupe=\"button\" class=\"form-control-submit apply-btn js-subscribe-step\">\n                <img decoding=\"async\" src=\"https:\/\/apriko.com\/fr\/wp-content\/themes\/general\/frontend\/assets\/img\/arrow-right.svg\" alt=\"applay\">\n            <\/button>\n            <input type=\"email\" name=\"email\" class=\"form-control-input required\" placeholder=\"e-mail\">\n        <\/div>\n        <label class=\"agree form-control\">\n            <input type=\"checkbox\" name=\"agree\" class=\"agree__input required\">\n            <span class=\"agree__box\">\n                J&rsquo;accepte les dispositions relatives \u00e0 la protection des donn\u00e9es.            <\/span>\n        <\/label>\n        <div class=\"step-errors\">\n            <span class=\"valid-message general\" style=\"display: none;\">Champ obligatoire<\/span>\n            <span class=\"valid-message invalid-email\" style=\"display: none;\">Veuillez fournir un e-mail valide<\/span>\n        <\/div>\n    <\/div>\n\n    <div class=\"subscribe-step\">\n        <div class=\"form-control\">\n            <select class=\"js-select select\" name=\"gender\">\n                <option value=\"0\">Titre de civilit\u00e9<\/option>\n                <option value=\"Female\">Femme<\/option>\n                <option value=\"Male\">Homme<\/option>\n                <option value=\"Other\">Autres<\/option>\n            <\/select>\n        <\/div>\n        <span class=\"valid-message\" style=\"display: none;\">Champ obligatoire<\/span>\n        <div class=\"form-control\">\n            <input type=\"text\" name=\"name\" class=\"form-control-input\" placeholder=\"Premier nom\">\n        <\/div>\n        <span class=\"valid-message\" style=\"display: none;\">Champ obligatoire<\/span>\n        <div class=\"form-control form-control-w-btn\">\n            <button tupe=\"button\" class=\"form-control-submit apply-btn js-subscribe-step form-mailchimp-subscribe\">\n                <img decoding=\"async\" src=\"https:\/\/apriko.com\/fr\/wp-content\/themes\/general\/frontend\/assets\/img\/arrow-right.svg\" alt=\"applay\">\n            <\/button>\n            <input type=\"text\" name=\"surname\" class=\"form-control-input\" placeholder=\"Dernier nom\">\n        <\/div>\n        <span class=\"valid-message\" style=\"display: none;\">Champ obligatoire<\/span>\n        <span class=\"invalid-message all\" style=\"display: none;\">Quelque chose s&rsquo;est mal pass\u00e9, r\u00e9essayez<\/span>\n        <span class=\"invalid-message pending\" style=\"display: none;\">Nous avons d\u00e9j\u00e0 envoy\u00e9 l&rsquo;e-mail de confirmation &#8211; veuillez confirmer votre inscription<\/span>\n        <span class=\"invalid-message registered\" style=\"display: none;\">L&rsquo;e-mail est d\u00e9j\u00e0 enregistr\u00e9, merci<\/span>\n    <\/div>\n\n    <div class=\"subscribe-step\">\n            <div class=\"subscribe__text\">\n            <h4>Merci beaucoup<\/h4>\n<p>Peles verrovit la ipsam faciis rent, volute mos unt, optatqu<\/p>\n        <\/div>\n        <\/div>\n<\/form>        <\/div>\n    <\/div>\n\n    <div class=\"card-back__bottom\">\n        <button class=\"btn btn-outline-w js-card-flip-back\">Close<\/button>\n    <\/div>\n<\/div>    \n    \n    <\/div>\t\t\t\t\t                    <\/div>\n\t\t\t\t                    <div class=\"swiper-slide\">\n\t\t\t\t\t\t\t\t\t\t\r\n<div class=\"card-container\">\r\n    <div class=\"card card-news\">\r\n        <div class=\"card__body\">\r\n                        <div class=\"card__category\">Apriko-Newsletter <\/div>\r\n                                    <h3 class=\"card__title\">La newsletter pour les services de l&#8217;emploi. Inscrivez-vous maintenant.<\/h3>\r\n                                    <div class=\"card__text\"><p>Des nouvelles pr\u00e9cieuses de la branche et les derni\u00e8res nouveaut\u00e9s d&rsquo;Apriko. Reste au courant et inscris-toi \u00e0 la newsletter.<\/p>\n<\/div>\r\n            \r\n            <form class=\"subscribe\">\n    <div class=\"subscribe-step active\">\n        <div class=\"form-control form-control-w-btn\">\n            <button tupe=\"button\" class=\"form-control-submit apply-btn js-subscribe-step\">\n                <img decoding=\"async\" src=\"https:\/\/apriko.com\/fr\/wp-content\/themes\/general\/frontend\/assets\/img\/arrow-right.svg\" alt=\"applay\">\n            <\/button>\n            <input type=\"email\" name=\"email\" class=\"form-control-input required\" placeholder=\"e-mail\">\n        <\/div>\n        <label class=\"agree form-control\">\n            <input type=\"checkbox\" name=\"agree\" class=\"agree__input required\">\n            <span class=\"agree__box\">\n                J&rsquo;accepte les dispositions relatives \u00e0 la protection des donn\u00e9es.            <\/span>\n        <\/label>\n        <div class=\"step-errors\">\n            <span class=\"valid-message general\" style=\"display: none;\">Champ obligatoire<\/span>\n            <span class=\"valid-message invalid-email\" style=\"display: none;\">Veuillez fournir un e-mail valide<\/span>\n        <\/div>\n    <\/div>\n\n    <div class=\"subscribe-step\">\n        <div class=\"form-control\">\n            <select class=\"js-select select\" name=\"gender\">\n                <option value=\"0\">Titre de civilit\u00e9<\/option>\n                <option value=\"Female\">Femme<\/option>\n                <option value=\"Male\">Homme<\/option>\n                <option value=\"Other\">Autres<\/option>\n            <\/select>\n        <\/div>\n        <span class=\"valid-message\" style=\"display: none;\">Champ obligatoire<\/span>\n        <div class=\"form-control\">\n            <input type=\"text\" name=\"name\" class=\"form-control-input\" placeholder=\"Premier nom\">\n        <\/div>\n        <span class=\"valid-message\" style=\"display: none;\">Champ obligatoire<\/span>\n        <div class=\"form-control form-control-w-btn\">\n            <button tupe=\"button\" class=\"form-control-submit apply-btn js-subscribe-step form-mailchimp-subscribe\">\n                <img decoding=\"async\" src=\"https:\/\/apriko.com\/fr\/wp-content\/themes\/general\/frontend\/assets\/img\/arrow-right.svg\" alt=\"applay\">\n            <\/button>\n            <input type=\"text\" name=\"surname\" class=\"form-control-input\" placeholder=\"Dernier nom\">\n        <\/div>\n        <span class=\"valid-message\" style=\"display: none;\">Champ obligatoire<\/span>\n        <span class=\"invalid-message all\" style=\"display: none;\">Quelque chose s&rsquo;est mal pass\u00e9, r\u00e9essayez<\/span>\n        <span class=\"invalid-message pending\" style=\"display: none;\">Nous avons d\u00e9j\u00e0 envoy\u00e9 l&rsquo;e-mail de confirmation &#8211; veuillez confirmer votre inscription<\/span>\n        <span class=\"invalid-message registered\" style=\"display: none;\">L&rsquo;e-mail est d\u00e9j\u00e0 enregistr\u00e9, merci<\/span>\n    <\/div>\n\n    <div class=\"subscribe-step\">\n            <div class=\"subscribe__text\">\n            <h4>Merci beaucoup<\/h4>\n<p>Peles verrovit la ipsam faciis rent, volute mos unt, optatqu<\/p>\n        <\/div>\n        <\/div>\n<\/form>        <\/div>\r\n    <\/div>\r\n<\/div>\t\t\t\t\t                    <\/div>\n\t\t\t\t\n\t\t\t\t\t\t\t<\/div>\n            \t\t<\/div>\n\t<\/div>\n<\/section>\n","protected":false},"excerpt":{"rendered":"","protected":false},"author":1,"featured_media":0,"parent":0,"menu_order":0,"comment_status":"closed","ping_status":"closed","template":"templates\/template-team.php","meta":{"_acf_changed":false,"footnotes":""},"acf":[],"yoast_head":"<!-- This site is optimized with the Yoast SEO Premium plugin v23.3 (Yoast SEO v23.3) - https:\/\/yoast.com\/wordpress\/plugins\/seo\/ -->\n<title>Team - Apriko<\/title>\n<meta name=\"robots\" content=\"index, follow, max-snippet:-1, max-image-preview:large, max-video-preview:-1\" \/>\n<link rel=\"canonical\" href=\"https:\/\/apriko.com\/fr\/team\/\" \/>\n<meta property=\"og:locale\" content=\"fr_FR\" \/>\n<meta property=\"og:type\" content=\"article\" \/>\n<meta property=\"og:title\" content=\"Team\" \/>\n<meta property=\"og:url\" content=\"https:\/\/apriko.com\/fr\/team\/\" \/>\n<meta property=\"og:site_name\" content=\"Apriko\" \/>\n<meta property=\"article:modified_time\" content=\"2025-01-30T12:58:56+00:00\" \/>\n<meta name=\"twitter:card\" content=\"summary_large_image\" \/>\n<meta name=\"twitter:label1\" content=\"Dur\u00e9e de lecture estim\u00e9e\" \/>\n\t<meta name=\"twitter:data1\" content=\"2 minutes\" \/>\n<script type=\"application\/ld+json\" class=\"yoast-schema-graph\">{\"@context\":\"https:\/\/schema.org\",\"@graph\":[{\"@type\":\"WebPage\",\"@id\":\"https:\/\/apriko.com\/fr\/team\/\",\"url\":\"https:\/\/apriko.com\/fr\/team\/\",\"name\":\"Team - Apriko\",\"isPartOf\":{\"@id\":\"https:\/\/apriko.com\/fr\/#website\"},\"datePublished\":\"2024-03-27T13:44:17+00:00\",\"dateModified\":\"2025-01-30T12:58:56+00:00\",\"breadcrumb\":{\"@id\":\"https:\/\/apriko.com\/fr\/team\/#breadcrumb\"},\"inLanguage\":\"fr-FR\",\"potentialAction\":[{\"@type\":\"ReadAction\",\"target\":[\"https:\/\/apriko.com\/fr\/team\/\"]}]},{\"@type\":\"BreadcrumbList\",\"@id\":\"https:\/\/apriko.com\/fr\/team\/#breadcrumb\",\"itemListElement\":[{\"@type\":\"ListItem\",\"position\":1,\"name\":\"Apriko\",\"item\":\"https:\/\/apriko.com\/fr\/\"},{\"@type\":\"ListItem\",\"position\":2,\"name\":\"Team\"}]},{\"@type\":\"WebSite\",\"@id\":\"https:\/\/apriko.com\/fr\/#website\",\"url\":\"https:\/\/apriko.com\/fr\/\",\"name\":\"Apriko\",\"description\":\"\",\"potentialAction\":[{\"@type\":\"SearchAction\",\"target\":{\"@type\":\"EntryPoint\",\"urlTemplate\":\"https:\/\/apriko.com\/fr\/?s={search_term_string}\"},\"query-input\":\"required name=search_term_string\"}],\"inLanguage\":\"fr-FR\"}]}<\/script>\n<!-- \/ Yoast SEO Premium plugin. -->","yoast_head_json":{"title":"Team - Apriko","robots":{"index":"index","follow":"follow","max-snippet":"max-snippet:-1","max-image-preview":"max-image-preview:large","max-video-preview":"max-video-preview:-1"},"canonical":"https:\/\/apriko.com\/fr\/team\/","og_locale":"fr_FR","og_type":"article","og_title":"Team","og_url":"https:\/\/apriko.com\/fr\/team\/","og_site_name":"Apriko","article_modified_time":"2025-01-30T12:58:56+00:00","twitter_card":"summary_large_image","twitter_misc":{"Dur\u00e9e de lecture estim\u00e9e":"2 minutes"},"schema":{"@context":"https:\/\/schema.org","@graph":[{"@type":"WebPage","@id":"https:\/\/apriko.com\/fr\/team\/","url":"https:\/\/apriko.com\/fr\/team\/","name":"Team - Apriko","isPartOf":{"@id":"https:\/\/apriko.com\/fr\/#website"},"datePublished":"2024-03-27T13:44:17+00:00","dateModified":"2025-01-30T12:58:56+00:00","breadcrumb":{"@id":"https:\/\/apriko.com\/fr\/team\/#breadcrumb"},"inLanguage":"fr-FR","potentialAction":[{"@type":"ReadAction","target":["https:\/\/apriko.com\/fr\/team\/"]}]},{"@type":"BreadcrumbList","@id":"https:\/\/apriko.com\/fr\/team\/#breadcrumb","itemListElement":[{"@type":"ListItem","position":1,"name":"Apriko","item":"https:\/\/apriko.com\/fr\/"},{"@type":"ListItem","position":2,"name":"Team"}]},{"@type":"WebSite","@id":"https:\/\/apriko.com\/fr\/#website","url":"https:\/\/apriko.com\/fr\/","name":"Apriko","description":"","potentialAction":[{"@type":"SearchAction","target":{"@type":"EntryPoint","urlTemplate":"https:\/\/apriko.com\/fr\/?s={search_term_string}"},"query-input":"required name=search_term_string"}],"inLanguage":"fr-FR"}]}},"_links":{"self":[{"href":"https:\/\/apriko.com\/fr\/wp-json\/wp\/v2\/pages\/806"}],"collection":[{"href":"https:\/\/apriko.com\/fr\/wp-json\/wp\/v2\/pages"}],"about":[{"href":"https:\/\/apriko.com\/fr\/wp-json\/wp\/v2\/types\/page"}],"author":[{"embeddable":true,"href":"https:\/\/apriko.com\/fr\/wp-json\/wp\/v2\/users\/1"}],"replies":[{"embeddable":true,"href":"https:\/\/apriko.com\/fr\/wp-json\/wp\/v2\/comments?post=806"}],"version-history":[{"count":10,"href":"https:\/\/apriko.com\/fr\/wp-json\/wp\/v2\/pages\/806\/revisions"}],"predecessor-version":[{"id":2539,"href":"https:\/\/apriko.com\/fr\/wp-json\/wp\/v2\/pages\/806\/revisions\/2539"}],"wp:attachment":[{"href":"https:\/\/apriko.com\/fr\/wp-json\/wp\/v2\/media?parent=806"}],"curies":[{"name":"wp","href":"https:\/\/api.w.org\/{rel}","templated":true}]}}